{"id":50,"date":"2024-06-12T18:53:16","date_gmt":"2024-06-12T16:53:16","guid":{"rendered":"https:\/\/visadmin.hu\/?page_id=50"},"modified":"2025-06-03T13:59:05","modified_gmt":"2025-06-03T11:59:05","slug":"rolunk","status":"publish","type":"page","link":"https:\/\/visadmin.hu\/hu\/rolunk\/","title":{"rendered":"R\u00f3lunk"},"content":{"rendered":"<p>[et_pb_section fb_built=&#8221;1&#8243; fullwidth=&#8221;on&#8221; disabled_on=&#8221;off|off|off&#8221; _builder_version=&#8221;4.25.2&#8243; _module_preset=&#8221;default&#8221; background_enable_image=&#8221;off&#8221; background_video_mp4=&#8221;https:\/\/visadmin.hu\/wp-content\/uploads\/2024\/06\/budapest-elisabeth-bridge-visadmin-2.mp4&#8243; custom_margin=&#8221;-200px||||false|false&#8221; custom_padding=&#8221;200px||||false|false&#8221; global_colors_info=&#8221;{}&#8221;][et_pb_fullwidth_header title=&#8221;R\u00f3lunk&#8221; button_one_url=&#8221;http:\/\/wphonlap.eu\/ilf\/join-us\/&#8221; button_two_url=&#8221;http:\/\/wphonlap.eu\/ilf\/about-us\/&#8221; _builder_version=&#8221;4.25.1&#8243; _module_preset=&#8221;default&#8221; title_font=&#8221;|700||on|||||&#8221; title_text_align=&#8221;center&#8221; title_text_color=&#8221;#FFFFFF&#8221; title_font_size=&#8221;42px&#8221; title_letter_spacing=&#8221;1px&#8221; content_font=&#8221;|700|||||||&#8221; content_text_color=&#8221;#FFFFFF&#8221; content_font_size=&#8221;20px&#8221; subhead_font=&#8221;|700|||||||&#8221; subhead_text_align=&#8221;center&#8221; subhead_text_color=&#8221;#FFFFFF&#8221; subhead_font_size=&#8221;26px&#8221; subhead_line_height=&#8221;2.5em&#8221; background_color=&#8221;rgba(0,0,0,0.3)&#8221; background_enable_image=&#8221;off&#8221; background_enable_video_mp4=&#8221;off&#8221; custom_button_one=&#8221;on&#8221; button_one_text_size=&#8221;18px&#8221; button_one_text_color=&#8221;#f0801e&#8221; button_one_bg_color=&#8221;#FFFFFF&#8221; button_one_bg_color_gradient_direction=&#8221;90deg&#8221; button_one_bg_color_gradient_stops=&#8221;#353c44 0%|#768799 100%&#8221; button_one_bg_color_gradient_start=&#8221;#353c44&#8243; button_one_bg_color_gradient_end=&#8221;#768799&#8243; button_one_border_width=&#8221;2px&#8221; button_one_border_color=&#8221;#f0801e&#8221; button_one_border_radius=&#8221;5px&#8221; button_one_font=&#8221;|700||on|||||&#8221; custom_button_two=&#8221;on&#8221; button_two_text_size=&#8221;18px&#8221; button_two_text_color=&#8221;#FFFFFF&#8221; button_two_bg_color=&#8221;#f0801e&#8221; button_two_border_color=&#8221;#FFFFFF&#8221; button_two_border_radius=&#8221;5px&#8221; button_two_font=&#8221;|700||on|||||&#8221; custom_margin=&#8221;||||false|false&#8221; custom_padding=&#8221;150px||150px||true|false&#8221; custom_padding_tablet=&#8221;&#8221; custom_padding_phone=&#8221;110px||110px||false|false&#8221; custom_padding_last_edited=&#8221;on|desktop&#8221; animation_style=&#8221;fade&#8221; animation_delay=&#8221;400ms&#8221; box_shadow_style=&#8221;preset3&#8243; box_shadow_style_button_one=&#8221;preset1&#8243; box_shadow_style_button_two=&#8221;preset1&#8243; global_colors_info=&#8221;{}&#8221;][\/et_pb_fullwidth_header][\/et_pb_section][et_pb_section fb_built=&#8221;1&#8243; _builder_version=&#8221;4.25.1&#8243; _module_preset=&#8221;default&#8221; custom_margin=&#8221;||||false|false&#8221; custom_padding=&#8221;||||false|false&#8221; global_colors_info=&#8221;{}&#8221;][et_pb_row _builder_version=&#8221;4.18.0&#8243; _module_preset=&#8221;default&#8221; global_colors_info=&#8221;{}&#8221;][et_pb_column type=&#8221;4_4&#8243; _builder_version=&#8221;4.18.0&#8243; _module_preset=&#8221;default&#8221; global_colors_info=&#8221;{}&#8221;][et_pb_text _builder_version=&#8221;4.25.2&#8243; _module_preset=&#8221;default&#8221; text_orientation=&#8221;justified&#8221; hover_enabled=&#8221;0&#8243; global_colors_info=&#8221;{}&#8221; sticky_enabled=&#8221;0&#8243;]<\/p>\n<p>Magyarorsz\u00e1gon 2024. janu\u00e1r 01. napj\u00e1n \u00faj harmadik orsz\u00e1gbeli \u00e1llampolg\u00e1rok magyarorsz\u00e1gi tart\u00f3zkod\u00e1si jog\u00e1t szab\u00e1lyoz\u00f3 t\u00f6rv\u00e9ny l\u00e9pett hat\u00e1lyba. Az \u00faj jogszab\u00e1ly az abban meghat\u00e1rozott befektet\u00e9st igazol\u00f3 harmadik orsz\u00e1gbeli \u00e1llampolg\u00e1r \u2013 \u00e9s csal\u00e1dtagjai sz\u00e1m\u00e1ra &#8211; hosszabb t\u00e1v\u00fa tart\u00f3zkod\u00e1st \u00e9s ehhez j\u00e1rul\u00f3 tov\u00e1bbi jogosults\u00e1gokat biztos\u00edt.<\/p>\n<p>A <strong>VISAdmin Kft.<\/strong> kiemelked\u0151 tapasztalattal rendelkez\u0151 szak\u00e9rt\u0151i, partnerei seg\u00edts\u00e9g\u00e9vel teljes k\u00f6r\u0171 szolg\u00e1ltat\u00e1st k\u00edv\u00e1n ny\u00fajtani az \u00faj magyarorsz\u00e1gi befektet\u00e9si program ir\u00e1nt \u00e9rdekl\u0151d\u0151 \u00fcgyfelek sz\u00e1m\u00e1ra.<\/p>\n<p>A szolg\u00e1ltat\u00e1sny\u00fajt\u00e1s kiterjed szem\u00e9lyre szabott konzult\u00e1ci\u00f3ra, tan\u00e1csad\u00e1sra, az \u00fcgyfelek r\u00e9sz\u00e9r\u0151l felmer\u00fcl\u0151 k\u00e9rd\u00e9sek megv\u00e1laszol\u00e1s\u00e1ra, amelyet k\u00f6vet\u0151en jogi, idegenrend\u00e9szeti \u00e9s befektet\u00e9si tan\u00e1csad\u00e1st, k\u00e9pviseletet v\u00e1llalunk szerz\u0151d\u00f6tt szakembereink, partnereink seg\u00edts\u00e9g\u00e9vel.<\/p>\n<p>A Magyarorsz\u00e1gon hasonl\u00f3 tev\u00e9kenys\u00e9get folytat\u00f3 c\u00e9gekkel szemben kiemelked\u0151en fontos sz\u00e1munkra a korrekt, pontos t\u00e1j\u00e9koztat\u00e1s. Ennek \u00e9rdek\u00e9ben t\u00f6reksz\u00fcnk mind az \u00fcgyfelekkel, mind a c\u00e9gen bel\u00fcl a gyors \u00e9s hat\u00e9kony inform\u00e1ci\u00f3 \u00e1raml\u00e1sra.<\/p>\n<p>A jogszab\u00e1ly \u00e1ltal meghat\u00e1rozott befektet\u00e9si lehet\u0151s\u00e9gekr\u0151l \u00e9s szolg\u00e1ltat\u00e1sainkr\u00f3l r\u00e9szletesebben a \u201eSzolg\u00e1ltat\u00e1sok\u201d alatt olvashat.\u00a0<\/p>\n<p>Tov\u00e1bbi inform\u00e1ci\u00f3k\u00e9rt l\u00e9pjen kapcsolatba vel\u00fcnk el\u00e9rhet\u0151s\u00e9geinken.<\/p>\n<p>[\/et_pb_text][et_pb_button button_url=&#8221;https:\/\/visadmin.hu\/hu\/kapcsolat\/&#8221; button_text=&#8221;Kapcsolat&#8221; button_alignment=&#8221;center&#8221; _builder_version=&#8221;4.25.2&#8243; _module_preset=&#8221;default&#8221; custom_button=&#8221;on&#8221; button_text_size=&#8221;18px&#8221; button_text_color=&#8221;#FFFFFF&#8221; button_bg_color=&#8221;#f0801e&#8221; button_bg_use_color_gradient=&#8221;on&#8221; button_bg_color_gradient_direction=&#8221;-135deg&#8221; button_bg_color_gradient_stops=&#8221;#fcc00a 0%|#e52421 100%&#8221; button_border_width=&#8221;0px&#8221; button_border_color=&#8221;RGBA(0,0,0,0)&#8221; button_border_radius=&#8221;0px&#8221; button_letter_spacing=&#8221;0px&#8221; button_font=&#8221;Montserrat|600||on|||||&#8221; box_shadow_style=&#8221;preset1&#8243; global_colors_info=&#8221;{}&#8221;][\/et_pb_button][\/et_pb_column][\/et_pb_row][\/et_pb_section][et_pb_section fb_built=&#8221;1&#8243; _builder_version=&#8221;4.25.2&#8243; _module_preset=&#8221;default&#8221; background_color=&#8221;#e41c19&#8243; use_background_color_gradient=&#8221;on&#8221; background_color_gradient_direction=&#8221;-135deg&#8221; background_color_gradient_stops=&#8221;#fcc00a 0%|rgba(241, 116, 21, 1) 48%|#e52421 100%&#8221; animation_style=&#8221;fade&#8221; global_colors_info=&#8221;{}&#8221;][et_pb_row _builder_version=&#8221;4.25.2&#8243; _module_preset=&#8221;default&#8221; global_colors_info=&#8221;{}&#8221;][et_pb_column type=&#8221;4_4&#8243; _builder_version=&#8221;4.25.2&#8243; _module_preset=&#8221;default&#8221; global_colors_info=&#8221;{}&#8221;][et_pb_button button_url=&#8221;https:\/\/visadmin.hu\/wp-content\/uploads\/2024\/06\/Tajekoztato-anyag-hu.pdf&#8221; url_new_window=&#8221;on&#8221; button_text=&#8221;A szolg\u00e1ltat\u00e1sokhoz kapcsol\u00f3d\u00f3 r\u00e9szletes t\u00e1j\u00e9koztat\u00f3nk innen t\u00f6lthet\u0151 le&#8221; button_alignment=&#8221;center&#8221; _builder_version=&#8221;4.25.2&#8243; _module_preset=&#8221;default&#8221; custom_button=&#8221;on&#8221; button_text_size=&#8221;18px&#8221; button_text_color=&#8221;#e52421&#8243; button_bg_color=&#8221;#FFFFFF&#8221; button_border_width=&#8221;3px&#8221; button_border_color=&#8221;#e52421&#8243; button_border_radius=&#8221;0px&#8221; button_letter_spacing=&#8221;0px&#8221; button_font=&#8221;Montserrat|600||on|||||&#8221; box_shadow_style=&#8221;preset1&#8243; global_colors_info=&#8221;{}&#8221;][\/et_pb_button][\/et_pb_column][\/et_pb_row][\/et_pb_section]<\/p>\n","protected":false},"excerpt":{"rendered":"<p>Magyarorsz\u00e1gon 2024. janu\u00e1r 01. napj\u00e1n \u00faj harmadik orsz\u00e1gbeli \u00e1llampolg\u00e1rok magyarorsz\u00e1gi tart\u00f3zkod\u00e1si jog\u00e1t szab\u00e1lyoz\u00f3 t\u00f6rv\u00e9ny l\u00e9pett hat\u00e1lyba. Az \u00faj jogszab\u00e1ly az abban meghat\u00e1rozott befektet\u00e9st igazol\u00f3 harmadik orsz\u00e1gbeli \u00e1llampolg\u00e1r \u2013 \u00e9s csal\u00e1dtagjai sz\u00e1m\u00e1ra &#8211; hosszabb t\u00e1v\u00fa tart\u00f3zkod\u00e1st \u00e9s ehhez j\u00e1rul\u00f3 tov\u00e1bbi jogosults\u00e1gokat biztos\u00edt. A VISAdmin Kft. kiemelked\u0151 tapasztalattal rendelkez\u0151 szak\u00e9rt\u0151i, partnerei seg\u00edts\u00e9g\u00e9vel teljes k\u00f6r\u0171 szolg\u00e1ltat\u00e1st k\u00edv\u00e1n ny\u00fajtani [&hellip;]<\/p>\n","protected":false},"author":1,"featured_media":0,"parent":0,"menu_order":0,"comment_status":"closed","ping_status":"closed","template":"","meta":{"_et_pb_use_builder":"on","_et_pb_old_content":"","_et_gb_content_width":"","footnotes":""},"class_list":["post-50","page","type-page","status-publish","hentry"],"yoast_head":"<!-- This site is optimized with the Yoast SEO plugin v22.9 - https:\/\/yoast.com\/wordpress\/plugins\/seo\/ -->\n<title>R\u00f3lunk - VISAdmin<\/title>\n<meta name=\"robots\" content=\"index, follow, max-snippet:-1, max-image-preview:large, max-video-preview:-1\" \/>\n<link rel=\"canonical\" href=\"https:\/\/visadmin.hu\/about-us\/\" \/>\n<meta property=\"og:locale\" content=\"hu_HU\" \/>\n<meta property=\"og:type\" content=\"article\" \/>\n<meta property=\"og:title\" content=\"R\u00f3lunk - VISAdmin\" \/>\n<meta property=\"og:description\" content=\"Magyarorsz\u00e1gon 2024. janu\u00e1r 01. napj\u00e1n \u00faj harmadik orsz\u00e1gbeli \u00e1llampolg\u00e1rok magyarorsz\u00e1gi tart\u00f3zkod\u00e1si jog\u00e1t szab\u00e1lyoz\u00f3 t\u00f6rv\u00e9ny l\u00e9pett hat\u00e1lyba. Az \u00faj jogszab\u00e1ly az abban meghat\u00e1rozott befektet\u00e9st igazol\u00f3 harmadik orsz\u00e1gbeli \u00e1llampolg\u00e1r \u2013 \u00e9s csal\u00e1dtagjai sz\u00e1m\u00e1ra - hosszabb t\u00e1v\u00fa tart\u00f3zkod\u00e1st \u00e9s ehhez j\u00e1rul\u00f3 tov\u00e1bbi jogosults\u00e1gokat biztos\u00edt. A VISAdmin Kft. kiemelked\u0151 tapasztalattal rendelkez\u0151 szak\u00e9rt\u0151i, partnerei seg\u00edts\u00e9g\u00e9vel teljes k\u00f6r\u0171 szolg\u00e1ltat\u00e1st k\u00edv\u00e1n ny\u00fajtani [&hellip;]\" \/>\n<meta property=\"og:url\" content=\"https:\/\/visadmin.hu\/about-us\/\" \/>\n<meta property=\"og:site_name\" content=\"VISAdmin\" \/>\n<meta property=\"article:modified_time\" content=\"2025-06-03T11:59:05+00:00\" \/>\n<meta name=\"twitter:card\" content=\"summary_large_image\" \/>\n<meta name=\"twitter:label1\" content=\"Becs\u00fclt olvas\u00e1si id\u0151\" \/>\n\t<meta name=\"twitter:data1\" content=\"4 perc\" \/>\n<script type=\"application\/ld+json\" class=\"yoast-schema-graph\">{\"@context\":\"https:\/\/schema.org\",\"@graph\":[{\"@type\":\"WebPage\",\"@id\":\"https:\/\/visadmin.hu\/about-us\/\",\"url\":\"https:\/\/visadmin.hu\/about-us\/\",\"name\":\"R\u00f3lunk - VISAdmin\",\"isPartOf\":{\"@id\":\"https:\/\/visadmin.hu\/#website\"},\"datePublished\":\"2024-06-12T16:53:16+00:00\",\"dateModified\":\"2025-06-03T11:59:05+00:00\",\"breadcrumb\":{\"@id\":\"https:\/\/visadmin.hu\/about-us\/#breadcrumb\"},\"inLanguage\":\"hu\",\"potentialAction\":[{\"@type\":\"ReadAction\",\"target\":[\"https:\/\/visadmin.hu\/about-us\/\"]}]},{\"@type\":\"BreadcrumbList\",\"@id\":\"https:\/\/visadmin.hu\/about-us\/#breadcrumb\",\"itemListElement\":[{\"@type\":\"ListItem\",\"position\":1,\"name\":\"Kezd\u0151lap\",\"item\":\"https:\/\/visadmin.hu\/hu\/\"},{\"@type\":\"ListItem\",\"position\":2,\"name\":\"R\u00f3lunk\"}]},{\"@type\":\"WebSite\",\"@id\":\"https:\/\/visadmin.hu\/#website\",\"url\":\"https:\/\/visadmin.hu\/\",\"name\":\"VISAdmin\",\"description\":\"\",\"publisher\":{\"@id\":\"https:\/\/visadmin.hu\/#organization\"},\"potentialAction\":[{\"@type\":\"SearchAction\",\"target\":{\"@type\":\"EntryPoint\",\"urlTemplate\":\"https:\/\/visadmin.hu\/?s={search_term_string}\"},\"query-input\":\"required name=search_term_string\"}],\"inLanguage\":\"hu\"},{\"@type\":\"Organization\",\"@id\":\"https:\/\/visadmin.hu\/#organization\",\"name\":\"VISAdmin\",\"url\":\"https:\/\/visadmin.hu\/\",\"logo\":{\"@type\":\"ImageObject\",\"inLanguage\":\"hu\",\"@id\":\"https:\/\/visadmin.hu\/#\/schema\/logo\/image\/\",\"url\":\"https:\/\/visadmin.hu\/wp-content\/uploads\/2024\/06\/Visadmin-logo-v02.png\",\"contentUrl\":\"https:\/\/visadmin.hu\/wp-content\/uploads\/2024\/06\/Visadmin-logo-v02.png\",\"width\":600,\"height\":250,\"caption\":\"VISAdmin\"},\"image\":{\"@id\":\"https:\/\/visadmin.hu\/#\/schema\/logo\/image\/\"}}]}<\/script>\n<!-- \/ Yoast SEO plugin. -->","yoast_head_json":{"title":"R\u00f3lunk - VISAdmin","robots":{"index":"index","follow":"follow","max-snippet":"max-snippet:-1","max-image-preview":"max-image-preview:large","max-video-preview":"max-video-preview:-1"},"canonical":"https:\/\/visadmin.hu\/about-us\/","og_locale":"hu_HU","og_type":"article","og_title":"R\u00f3lunk - VISAdmin","og_description":"Magyarorsz\u00e1gon 2024. janu\u00e1r 01. napj\u00e1n \u00faj harmadik orsz\u00e1gbeli \u00e1llampolg\u00e1rok magyarorsz\u00e1gi tart\u00f3zkod\u00e1si jog\u00e1t szab\u00e1lyoz\u00f3 t\u00f6rv\u00e9ny l\u00e9pett hat\u00e1lyba. Az \u00faj jogszab\u00e1ly az abban meghat\u00e1rozott befektet\u00e9st igazol\u00f3 harmadik orsz\u00e1gbeli \u00e1llampolg\u00e1r \u2013 \u00e9s csal\u00e1dtagjai sz\u00e1m\u00e1ra - hosszabb t\u00e1v\u00fa tart\u00f3zkod\u00e1st \u00e9s ehhez j\u00e1rul\u00f3 tov\u00e1bbi jogosults\u00e1gokat biztos\u00edt. A VISAdmin Kft. kiemelked\u0151 tapasztalattal rendelkez\u0151 szak\u00e9rt\u0151i, partnerei seg\u00edts\u00e9g\u00e9vel teljes k\u00f6r\u0171 szolg\u00e1ltat\u00e1st k\u00edv\u00e1n ny\u00fajtani [&hellip;]","og_url":"https:\/\/visadmin.hu\/about-us\/","og_site_name":"VISAdmin","article_modified_time":"2025-06-03T11:59:05+00:00","twitter_card":"summary_large_image","twitter_misc":{"Becs\u00fclt olvas\u00e1si id\u0151":"4 perc"},"schema":{"@context":"https:\/\/schema.org","@graph":[{"@type":"WebPage","@id":"https:\/\/visadmin.hu\/about-us\/","url":"https:\/\/visadmin.hu\/about-us\/","name":"R\u00f3lunk - VISAdmin","isPartOf":{"@id":"https:\/\/visadmin.hu\/#website"},"datePublished":"2024-06-12T16:53:16+00:00","dateModified":"2025-06-03T11:59:05+00:00","breadcrumb":{"@id":"https:\/\/visadmin.hu\/about-us\/#breadcrumb"},"inLanguage":"hu","potentialAction":[{"@type":"ReadAction","target":["https:\/\/visadmin.hu\/about-us\/"]}]},{"@type":"BreadcrumbList","@id":"https:\/\/visadmin.hu\/about-us\/#breadcrumb","itemListElement":[{"@type":"ListItem","position":1,"name":"Kezd\u0151lap","item":"https:\/\/visadmin.hu\/hu\/"},{"@type":"ListItem","position":2,"name":"R\u00f3lunk"}]},{"@type":"WebSite","@id":"https:\/\/visadmin.hu\/#website","url":"https:\/\/visadmin.hu\/","name":"VISAdmin","description":"","publisher":{"@id":"https:\/\/visadmin.hu\/#organization"},"potentialAction":[{"@type":"SearchAction","target":{"@type":"EntryPoint","urlTemplate":"https:\/\/visadmin.hu\/?s={search_term_string}"},"query-input":"required name=search_term_string"}],"inLanguage":"hu"},{"@type":"Organization","@id":"https:\/\/visadmin.hu\/#organization","name":"VISAdmin","url":"https:\/\/visadmin.hu\/","logo":{"@type":"ImageObject","inLanguage":"hu","@id":"https:\/\/visadmin.hu\/#\/schema\/logo\/image\/","url":"https:\/\/visadmin.hu\/wp-content\/uploads\/2024\/06\/Visadmin-logo-v02.png","contentUrl":"https:\/\/visadmin.hu\/wp-content\/uploads\/2024\/06\/Visadmin-logo-v02.png","width":600,"height":250,"caption":"VISAdmin"},"image":{"@id":"https:\/\/visadmin.hu\/#\/schema\/logo\/image\/"}}]}},"_links":{"self":[{"href":"https:\/\/visadmin.hu\/hu\/wp-json\/wp\/v2\/pages\/50","targetHints":{"allow":["GET"]}}],"collection":[{"href":"https:\/\/visadmin.hu\/hu\/wp-json\/wp\/v2\/pages"}],"about":[{"href":"https:\/\/visadmin.hu\/hu\/wp-json\/wp\/v2\/types\/page"}],"author":[{"embeddable":true,"href":"https:\/\/visadmin.hu\/hu\/wp-json\/wp\/v2\/users\/1"}],"replies":[{"embeddable":true,"href":"https:\/\/visadmin.hu\/hu\/wp-json\/wp\/v2\/comments?post=50"}],"version-history":[{"count":12,"href":"https:\/\/visadmin.hu\/hu\/wp-json\/wp\/v2\/pages\/50\/revisions"}],"predecessor-version":[{"id":467,"href":"https:\/\/visadmin.hu\/hu\/wp-json\/wp\/v2\/pages\/50\/revisions\/467"}],"wp:attachment":[{"href":"https:\/\/visadmin.hu\/hu\/wp-json\/wp\/v2\/media?parent=50"}],"curies":[{"name":"wp","href":"https:\/\/api.w.org\/{rel}","templated":true}]}}