{"id":61,"date":"2024-06-13T09:21:17","date_gmt":"2024-06-13T07:21:17","guid":{"rendered":"https:\/\/visadmin.hu\/?page_id=61"},"modified":"2025-06-03T10:22:36","modified_gmt":"2025-06-03T08:22:36","slug":"szolgaltatasok","status":"publish","type":"page","link":"https:\/\/visadmin.hu\/hu\/szolgaltatasok\/","title":{"rendered":"Szolg\u00e1ltat\u00e1sok"},"content":{"rendered":"<p>[et_pb_section fb_built=&#8221;1&#8243; fullwidth=&#8221;on&#8221; disabled_on=&#8221;off|off|off&#8221; _builder_version=&#8221;4.25.2&#8243; _module_preset=&#8221;default&#8221; background_enable_image=&#8221;off&#8221; background_video_mp4=&#8221;https:\/\/visadmin.hu\/wp-content\/uploads\/2024\/06\/budapest-chain-bridge-visadmin.mp4&#8243; custom_margin=&#8221;-200px||||false|false&#8221; custom_padding=&#8221;200px||||false|false&#8221; global_colors_info=&#8221;{}&#8221;][et_pb_fullwidth_header title=&#8221;Szolg\u00e1ltat\u00e1sok&#8221; button_one_url=&#8221;http:\/\/wphonlap.eu\/ilf\/join-us\/&#8221; button_two_url=&#8221;http:\/\/wphonlap.eu\/ilf\/about-us\/&#8221; _builder_version=&#8221;4.25.1&#8243; _module_preset=&#8221;default&#8221; title_font=&#8221;|700||on|||||&#8221; title_text_align=&#8221;center&#8221; title_text_color=&#8221;#FFFFFF&#8221; title_font_size=&#8221;42px&#8221; title_letter_spacing=&#8221;1px&#8221; content_font=&#8221;|700|||||||&#8221; content_text_color=&#8221;#FFFFFF&#8221; content_font_size=&#8221;20px&#8221; subhead_font=&#8221;|700|||||||&#8221; subhead_text_align=&#8221;center&#8221; subhead_text_color=&#8221;#FFFFFF&#8221; subhead_font_size=&#8221;26px&#8221; subhead_line_height=&#8221;2.5em&#8221; background_color=&#8221;rgba(0,0,0,0.3)&#8221; background_enable_image=&#8221;off&#8221; background_enable_video_mp4=&#8221;off&#8221; custom_button_one=&#8221;on&#8221; button_one_text_size=&#8221;18px&#8221; button_one_text_color=&#8221;#f0801e&#8221; button_one_bg_color=&#8221;#FFFFFF&#8221; button_one_bg_color_gradient_direction=&#8221;90deg&#8221; button_one_bg_color_gradient_stops=&#8221;#353c44 0%|#768799 100%&#8221; button_one_bg_color_gradient_start=&#8221;#353c44&#8243; button_one_bg_color_gradient_end=&#8221;#768799&#8243; button_one_border_width=&#8221;2px&#8221; button_one_border_color=&#8221;#f0801e&#8221; button_one_border_radius=&#8221;5px&#8221; button_one_font=&#8221;|700||on|||||&#8221; custom_button_two=&#8221;on&#8221; button_two_text_size=&#8221;18px&#8221; button_two_text_color=&#8221;#FFFFFF&#8221; button_two_bg_color=&#8221;#f0801e&#8221; button_two_border_color=&#8221;#FFFFFF&#8221; button_two_border_radius=&#8221;5px&#8221; button_two_font=&#8221;|700||on|||||&#8221; custom_margin=&#8221;||||false|false&#8221; custom_padding=&#8221;150px||150px||true|false&#8221; custom_padding_tablet=&#8221;&#8221; custom_padding_phone=&#8221;110px||110px||false|false&#8221; custom_padding_last_edited=&#8221;on|desktop&#8221; animation_style=&#8221;fade&#8221; animation_delay=&#8221;400ms&#8221; box_shadow_style=&#8221;preset3&#8243; box_shadow_style_button_one=&#8221;preset1&#8243; box_shadow_style_button_two=&#8221;preset1&#8243; global_colors_info=&#8221;{}&#8221;][\/et_pb_fullwidth_header][\/et_pb_section][et_pb_section fb_built=&#8221;1&#8243; module_id=&#8221;szolgaltatasaink&#8221; _builder_version=&#8221;4.18.0&#8243; _module_preset=&#8221;default&#8221; background_enable_color=&#8221;off&#8221; global_colors_info=&#8221;{}&#8221;][et_pb_row _builder_version=&#8221;4.18.0&#8243; _module_preset=&#8221;default&#8221; global_colors_info=&#8221;{}&#8221;][et_pb_column type=&#8221;4_4&#8243; _builder_version=&#8221;4.18.0&#8243; _module_preset=&#8221;default&#8221; global_colors_info=&#8221;{}&#8221;][et_pb_text _builder_version=&#8221;4.25.2&#8243; _module_preset=&#8221;default&#8221; custom_padding=&#8221;2%|2%|2%|2%|false|false&#8221; hover_enabled=&#8221;0&#8243; global_colors_info=&#8221;{}&#8221; sticky_enabled=&#8221;0&#8243;]<\/p>\n<p>Az \u00faj jogszab\u00e1ly k\u00fcl\u00f6nb\u00f6z\u0151 hat\u00e1lyba l\u00e9p\u00e9ssel k\u00e9tf\u00e9le befektet\u00e9s igazol\u00e1s\u00e1hoz k\u00f6ti a 10 \u00e9vig \u00e9rv\u00e9nyes \u00e9s 10 \u00e9vvel meghosszabb\u00edthat\u00f3 tart\u00f3zkod\u00e1si enged\u00e9ly megszerz\u00e9s\u00e9t a harmadik orsz\u00e1gbeli \u00e1llampolg\u00e1rok sz\u00e1m\u00e1ra.<\/p>\n<p>[\/et_pb_text][et_pb_text _builder_version=&#8221;4.25.1&#8243; _module_preset=&#8221;default&#8221; text_font=&#8221;Montserrat|700|||||||&#8221; text_text_color=&#8221;#e52421&#8243; text_font_size=&#8221;22px&#8221; text_line_height=&#8221;1.4em&#8221; header_3_font=&#8221;|700||on|||||&#8221; header_3_text_color=&#8221;#f0801e&#8221; header_3_font_size=&#8221;20px&#8221; text_orientation=&#8221;center&#8221; custom_margin=&#8221;||10px||false|false&#8221; hover_enabled=&#8221;0&#8243; global_colors_info=&#8221;{}&#8221; sticky_enabled=&#8221;0&#8243; locked=&#8221;off&#8221;]<\/p>\n<p>2024. j\u00falius 01. napj\u00e1t\u00f3l indul\u00f3 befektet\u00e9si form\u00e1k<\/p>\n<p>[\/et_pb_text][\/et_pb_column][\/et_pb_row][et_pb_row column_structure=&#8221;1_2,1_2&#8243; make_equal=&#8221;on&#8221; _builder_version=&#8221;4.25.1&#8243; _module_preset=&#8221;default&#8221; custom_margin=&#8221;||||false|false&#8221; animation_style=&#8221;fade&#8221; global_colors_info=&#8221;{}&#8221; locked=&#8221;off&#8221;][et_pb_column type=&#8221;1_2&#8243; _builder_version=&#8221;4.25.1&#8243; _module_preset=&#8221;default&#8221; background_color=&#8221;#FFFFFF&#8221; custom_padding=&#8221;||2%||false|false&#8221; border_color_right=&#8221;#919191&#8243; border_width_bottom=&#8221;5px&#8221; border_color_bottom=&#8221;#fcc00a&#8221; box_shadow_style=&#8221;preset1&#8243; global_colors_info=&#8221;{}&#8221;][et_pb_image src=&#8221;https:\/\/visadmin.hu\/wp-content\/uploads\/2024\/06\/euro-befektetes.jpg&#8221; alt=&#8221;sittsz\u00e1ll\u00edt\u00e1s&#8221; title_text=&#8221;3D illustration Mockup photo frame in lounge room rendering&#8221; show_bottom_space=&#8221;off&#8221; _builder_version=&#8221;4.25.1&#8243; _module_preset=&#8221;default&#8221; module_alignment=&#8221;left&#8221; custom_margin=&#8221;||20px||false|false&#8221; custom_padding=&#8221;||||false|false&#8221; global_colors_info=&#8221;{}&#8221;][\/et_pb_image][et_pb_text _builder_version=&#8221;4.25.2&#8243; _module_preset=&#8221;default&#8221; custom_padding=&#8221;2%|4%|2%|4%|false|true&#8221; hover_enabled=&#8221;0&#8243; global_colors_info=&#8221;{}&#8221; text_font_size=&#8221;17px&#8221; sticky_enabled=&#8221;0&#8243;]<\/p>\n<p><i class=\"fa-solid fa-arrow-right\"><\/i> 250.000,-EUR \u00f6sszeg\u0171 befektet\u00e9si jegy megv\u00e1s\u00e1rl\u00e1sa a jogszab\u00e1lyban meghat\u00e1rozott felt\u00e9teleket teljes\u00edt\u0151 ingatlanalapt\u00f3l<\/p>\n<p>[\/et_pb_text][\/et_pb_column][et_pb_column type=&#8221;1_2&#8243; _builder_version=&#8221;4.18.0&#8243; _module_preset=&#8221;default&#8221; background_color=&#8221;#FFFFFF&#8221; custom_padding=&#8221;||2%||false|false&#8221; border_color_right=&#8221;#919191&#8243; border_width_bottom=&#8221;5px&#8221; border_color_bottom=&#8221;#fcc00a&#8221; box_shadow_style=&#8221;preset1&#8243; global_colors_info=&#8221;{}&#8221;][et_pb_image src=&#8221;https:\/\/visadmin.hu\/wp-content\/uploads\/2024\/07\/lakoingatlan-2.jpg&#8221; alt=&#8221;vegyes kont\u00e9ner rendel\u00e9s Budapest&#8221; title_text=&#8221;An attractive large dining room with a black table&#8221; show_bottom_space=&#8221;off&#8221; _builder_version=&#8221;4.25.2&#8243; _module_preset=&#8221;default&#8221; module_alignment=&#8221;left&#8221; custom_margin=&#8221;||20px||false|false&#8221; custom_padding=&#8221;||||false|false&#8221; global_colors_info=&#8221;{}&#8221;][\/et_pb_image][et_pb_text _builder_version=&#8221;4.25.2&#8243; _module_preset=&#8221;default&#8221; custom_padding=&#8221;2%|4%|2%|4%|false|true&#8221; hover_enabled=&#8221;0&#8243; global_colors_info=&#8221;{}&#8221; text_font_size=&#8221;17px&#8221; sticky_enabled=&#8221;0&#8243;]<\/p>\n<p><i class=\"fa-solid fa-arrow-right\"><\/i>\u00a01.000.000,-EUR \u00f6sszeg\u0171 t\u00e1mogat\u00e1s adom\u00e1nyoz\u00e1sa jogszab\u00e1lyban meghat\u00e1rozott k\u00f6zfeladatot ell\u00e1t\u00f3 alap\u00edtv\u00e1ny r\u00e9sz\u00e9re<\/p>\n<p>[\/et_pb_text][\/et_pb_column][\/et_pb_row][et_pb_row _builder_version=&#8221;4.18.0&#8243; _module_preset=&#8221;default&#8221; global_colors_info=&#8221;{}&#8221;][et_pb_column type=&#8221;4_4&#8243; _builder_version=&#8221;4.18.0&#8243; _module_preset=&#8221;default&#8221; global_colors_info=&#8221;{}&#8221;][et_pb_text _builder_version=&#8221;4.25.1&#8243; _module_preset=&#8221;default&#8221; text_orientation=&#8221;justified&#8221; custom_padding=&#8221;2%|2%|2%|2%|false|false&#8221; global_colors_info=&#8221;{}&#8221;]<\/p>\n<p>A szabadon v\u00e1laszthat\u00f3 fenti befektet\u00e9sek egyik\u00e9nek igazol\u00e1sa eset\u00e9n lehet\u0151s\u00e9g ny\u00edlik a 10 \u00e9vig \u00e9rv\u00e9nyes magyarorsz\u00e1gi tart\u00f3zkod\u00e1si enged\u00e9ly megszerz\u00e9s\u00e9re, ak\u00e1r csal\u00e1dtagokkal egy\u00fctt. Ez a befektet\u00e9si c\u00e9l\u00fa tart\u00f3zkod\u00e1si enged\u00e9ly valamennyi schengeni tag\u00e1llamba bel\u00e9p\u00e9st, a schengeni tag\u00e1llamokban 90 napos Magyarorsz\u00e1gon folyamatos tart\u00f3zkod\u00e1st tesz lehet\u0151v\u00e9 t\u00e9nyleges tart\u00f3zkod\u00e1si k\u00f6vetelm\u00e9ny n\u00e9lk\u00fcl. Tov\u00e1bb\u00e1 ennek az enged\u00e9lynek a birtokosa k\u00fcl\u00f6nleges st\u00e1tuszt jelent m\u00e1s fajta tart\u00f3zkod\u00e1si enged\u00e9lyekhez k\u00e9pest, t\u00f6bbletjogokat biztos\u00edt p\u00e9ld\u00e1ul munkav\u00e1llal\u00e1s ter\u00e9n.<\/p>\n<p>C\u00e9g\u00fcnk mind a befektet\u00e9sekkel, mind a v\u00edzum \u00e9s tart\u00f3zkod\u00e1si enged\u00e9ly megszerz\u00e9s\u00e9hez sz\u00fcks\u00e9ges elj\u00e1r\u00e1ssal kapcsolatosan jogi seg\u00edts\u00e9get ny\u00fajt a r\u00e9szletes, pontos \u00e9s gyors tan\u00e1csad\u00e1st\u00f3l az enged\u00e9ly k\u00e9zhezv\u00e9tel\u00e9ig. Szak\u00e9rtelemmel rendelkez\u0151, tapasztalt munkat\u00e1rsaink \u00e1llnak rendelkez\u00e9sre a minket v\u00e1laszt\u00f3 \u00fcgyfelek sz\u00e1m\u00e1ra.<\/p>\n<p>Ig\u00e9ny eset\u00e9n \u00fczleti partnereinkkel egy\u00fcttm\u0171k\u00f6dve tov\u00e1bbi szolg\u00e1ltat\u00e1sokat is ny\u00fajtunk, p\u00e9ld\u00e1ul a magyarorsz\u00e1gi sz\u00e1ll\u00e1shely igazol\u00e1sa, valamint a beutaz\u00e1s teljes k\u00f6r\u0171 megszervez\u00e9se \u00e9rdek\u00e9ben.<\/p>\n<p>A tov\u00e1bbi r\u00e9szletszab\u00e1lyok k\u00f6zelj\u00f6v\u0151ben t\u00f6rt\u00e9n\u0151 v\u00e1rhat\u00f3 megjelen\u00e9s\u00e9re tekintettel, az inform\u00e1ci\u00f3kat folyamatosan friss\u00edtj\u00fck honlapunkon.<\/p>\n<p>[\/et_pb_text][\/et_pb_column][\/et_pb_row][\/et_pb_section]<\/p>\n","protected":false},"excerpt":{"rendered":"<p>Az \u00faj jogszab\u00e1ly k\u00fcl\u00f6nb\u00f6z\u0151 hat\u00e1lyba l\u00e9p\u00e9ssel k\u00e9tf\u00e9le befektet\u00e9s igazol\u00e1s\u00e1hoz k\u00f6ti a 10 \u00e9vig \u00e9rv\u00e9nyes \u00e9s 10 \u00e9vvel meghosszabb\u00edthat\u00f3 tart\u00f3zkod\u00e1si enged\u00e9ly megszerz\u00e9s\u00e9t a harmadik orsz\u00e1gbeli \u00e1llampolg\u00e1rok sz\u00e1m\u00e1ra.2024. j\u00falius 01. napj\u00e1t\u00f3l indul\u00f3 befektet\u00e9si form\u00e1k 250.000,-EUR \u00f6sszeg\u0171 befektet\u00e9si jegy megv\u00e1s\u00e1rl\u00e1sa a jogszab\u00e1lyban meghat\u00e1rozott felt\u00e9teleket teljes\u00edt\u0151 ingatlanalapt\u00f3l\u00a01.000.000,-EUR \u00f6sszeg\u0171 t\u00e1mogat\u00e1s adom\u00e1nyoz\u00e1sa jogszab\u00e1lyban meghat\u00e1rozott k\u00f6zfeladatot ell\u00e1t\u00f3 alap\u00edtv\u00e1ny r\u00e9sz\u00e9reA szabadon v\u00e1laszthat\u00f3 fenti [&hellip;]<\/p>\n","protected":false},"author":1,"featured_media":0,"parent":0,"menu_order":0,"comment_status":"closed","ping_status":"closed","template":"","meta":{"_et_pb_use_builder":"on","_et_pb_old_content":"","_et_gb_content_width":"","footnotes":""},"class_list":["post-61","page","type-page","status-publish","hentry"],"yoast_head":"<!-- This site is optimized with the Yoast SEO plugin v22.9 - https:\/\/yoast.com\/wordpress\/plugins\/seo\/ -->\n<title>Szolg\u00e1ltat\u00e1sok - VISAdmin<\/title>\n<meta name=\"robots\" content=\"index, follow, max-snippet:-1, max-image-preview:large, max-video-preview:-1\" \/>\n<link rel=\"canonical\" href=\"https:\/\/visadmin.hu\/hu\/szolgaltatasok\/\" \/>\n<meta property=\"og:locale\" content=\"hu_HU\" \/>\n<meta property=\"og:type\" content=\"article\" \/>\n<meta property=\"og:title\" content=\"Szolg\u00e1ltat\u00e1sok - VISAdmin\" \/>\n<meta property=\"og:description\" content=\"Az \u00faj jogszab\u00e1ly k\u00fcl\u00f6nb\u00f6z\u0151 hat\u00e1lyba l\u00e9p\u00e9ssel k\u00e9tf\u00e9le befektet\u00e9s igazol\u00e1s\u00e1hoz k\u00f6ti a 10 \u00e9vig \u00e9rv\u00e9nyes \u00e9s 10 \u00e9vvel meghosszabb\u00edthat\u00f3 tart\u00f3zkod\u00e1si enged\u00e9ly megszerz\u00e9s\u00e9t a harmadik orsz\u00e1gbeli \u00e1llampolg\u00e1rok sz\u00e1m\u00e1ra.2024. j\u00falius 01. napj\u00e1t\u00f3l indul\u00f3 befektet\u00e9si form\u00e1k 250.000,-EUR \u00f6sszeg\u0171 befektet\u00e9si jegy megv\u00e1s\u00e1rl\u00e1sa a jogszab\u00e1lyban meghat\u00e1rozott felt\u00e9teleket teljes\u00edt\u0151 ingatlanalapt\u00f3l\u00a01.000.000,-EUR \u00f6sszeg\u0171 t\u00e1mogat\u00e1s adom\u00e1nyoz\u00e1sa jogszab\u00e1lyban meghat\u00e1rozott k\u00f6zfeladatot ell\u00e1t\u00f3 alap\u00edtv\u00e1ny r\u00e9sz\u00e9reA szabadon v\u00e1laszthat\u00f3 fenti [&hellip;]\" \/>\n<meta property=\"og:url\" content=\"https:\/\/visadmin.hu\/hu\/szolgaltatasok\/\" \/>\n<meta property=\"og:site_name\" content=\"VISAdmin\" \/>\n<meta property=\"article:modified_time\" content=\"2025-06-03T08:22:36+00:00\" \/>\n<meta name=\"twitter:card\" content=\"summary_large_image\" \/>\n<meta name=\"twitter:label1\" content=\"Becs\u00fclt olvas\u00e1si id\u0151\" \/>\n\t<meta name=\"twitter:data1\" content=\"2 perc\" \/>\n<script type=\"application\/ld+json\" class=\"yoast-schema-graph\">{\"@context\":\"https:\/\/schema.org\",\"@graph\":[{\"@type\":\"WebPage\",\"@id\":\"https:\/\/visadmin.hu\/hu\/szolgaltatasok\/\",\"url\":\"https:\/\/visadmin.hu\/hu\/szolgaltatasok\/\",\"name\":\"Szolg\u00e1ltat\u00e1sok - VISAdmin\",\"isPartOf\":{\"@id\":\"https:\/\/visadmin.hu\/#website\"},\"datePublished\":\"2024-06-13T07:21:17+00:00\",\"dateModified\":\"2025-06-03T08:22:36+00:00\",\"breadcrumb\":{\"@id\":\"https:\/\/visadmin.hu\/hu\/szolgaltatasok\/#breadcrumb\"},\"inLanguage\":\"hu\",\"potentialAction\":[{\"@type\":\"ReadAction\",\"target\":[\"https:\/\/visadmin.hu\/hu\/szolgaltatasok\/\"]}]},{\"@type\":\"BreadcrumbList\",\"@id\":\"https:\/\/visadmin.hu\/hu\/szolgaltatasok\/#breadcrumb\",\"itemListElement\":[{\"@type\":\"ListItem\",\"position\":1,\"name\":\"Kezd\u0151lap\",\"item\":\"https:\/\/visadmin.hu\/hu\/\"},{\"@type\":\"ListItem\",\"position\":2,\"name\":\"Szolg\u00e1ltat\u00e1sok\"}]},{\"@type\":\"WebSite\",\"@id\":\"https:\/\/visadmin.hu\/#website\",\"url\":\"https:\/\/visadmin.hu\/\",\"name\":\"VISAdmin\",\"description\":\"\",\"publisher\":{\"@id\":\"https:\/\/visadmin.hu\/#organization\"},\"potentialAction\":[{\"@type\":\"SearchAction\",\"target\":{\"@type\":\"EntryPoint\",\"urlTemplate\":\"https:\/\/visadmin.hu\/?s={search_term_string}\"},\"query-input\":\"required name=search_term_string\"}],\"inLanguage\":\"hu\"},{\"@type\":\"Organization\",\"@id\":\"https:\/\/visadmin.hu\/#organization\",\"name\":\"VISAdmin\",\"url\":\"https:\/\/visadmin.hu\/\",\"logo\":{\"@type\":\"ImageObject\",\"inLanguage\":\"hu\",\"@id\":\"https:\/\/visadmin.hu\/#\/schema\/logo\/image\/\",\"url\":\"https:\/\/visadmin.hu\/wp-content\/uploads\/2024\/06\/Visadmin-logo-v02.png\",\"contentUrl\":\"https:\/\/visadmin.hu\/wp-content\/uploads\/2024\/06\/Visadmin-logo-v02.png\",\"width\":600,\"height\":250,\"caption\":\"VISAdmin\"},\"image\":{\"@id\":\"https:\/\/visadmin.hu\/#\/schema\/logo\/image\/\"}}]}<\/script>\n<!-- \/ Yoast SEO plugin. -->","yoast_head_json":{"title":"Szolg\u00e1ltat\u00e1sok - VISAdmin","robots":{"index":"index","follow":"follow","max-snippet":"max-snippet:-1","max-image-preview":"max-image-preview:large","max-video-preview":"max-video-preview:-1"},"canonical":"https:\/\/visadmin.hu\/hu\/szolgaltatasok\/","og_locale":"hu_HU","og_type":"article","og_title":"Szolg\u00e1ltat\u00e1sok - VISAdmin","og_description":"Az \u00faj jogszab\u00e1ly k\u00fcl\u00f6nb\u00f6z\u0151 hat\u00e1lyba l\u00e9p\u00e9ssel k\u00e9tf\u00e9le befektet\u00e9s igazol\u00e1s\u00e1hoz k\u00f6ti a 10 \u00e9vig \u00e9rv\u00e9nyes \u00e9s 10 \u00e9vvel meghosszabb\u00edthat\u00f3 tart\u00f3zkod\u00e1si enged\u00e9ly megszerz\u00e9s\u00e9t a harmadik orsz\u00e1gbeli \u00e1llampolg\u00e1rok sz\u00e1m\u00e1ra.2024. j\u00falius 01. napj\u00e1t\u00f3l indul\u00f3 befektet\u00e9si form\u00e1k 250.000,-EUR \u00f6sszeg\u0171 befektet\u00e9si jegy megv\u00e1s\u00e1rl\u00e1sa a jogszab\u00e1lyban meghat\u00e1rozott felt\u00e9teleket teljes\u00edt\u0151 ingatlanalapt\u00f3l\u00a01.000.000,-EUR \u00f6sszeg\u0171 t\u00e1mogat\u00e1s adom\u00e1nyoz\u00e1sa jogszab\u00e1lyban meghat\u00e1rozott k\u00f6zfeladatot ell\u00e1t\u00f3 alap\u00edtv\u00e1ny r\u00e9sz\u00e9reA szabadon v\u00e1laszthat\u00f3 fenti [&hellip;]","og_url":"https:\/\/visadmin.hu\/hu\/szolgaltatasok\/","og_site_name":"VISAdmin","article_modified_time":"2025-06-03T08:22:36+00:00","twitter_card":"summary_large_image","twitter_misc":{"Becs\u00fclt olvas\u00e1si id\u0151":"2 perc"},"schema":{"@context":"https:\/\/schema.org","@graph":[{"@type":"WebPage","@id":"https:\/\/visadmin.hu\/hu\/szolgaltatasok\/","url":"https:\/\/visadmin.hu\/hu\/szolgaltatasok\/","name":"Szolg\u00e1ltat\u00e1sok - VISAdmin","isPartOf":{"@id":"https:\/\/visadmin.hu\/#website"},"datePublished":"2024-06-13T07:21:17+00:00","dateModified":"2025-06-03T08:22:36+00:00","breadcrumb":{"@id":"https:\/\/visadmin.hu\/hu\/szolgaltatasok\/#breadcrumb"},"inLanguage":"hu","potentialAction":[{"@type":"ReadAction","target":["https:\/\/visadmin.hu\/hu\/szolgaltatasok\/"]}]},{"@type":"BreadcrumbList","@id":"https:\/\/visadmin.hu\/hu\/szolgaltatasok\/#breadcrumb","itemListElement":[{"@type":"ListItem","position":1,"name":"Kezd\u0151lap","item":"https:\/\/visadmin.hu\/hu\/"},{"@type":"ListItem","position":2,"name":"Szolg\u00e1ltat\u00e1sok"}]},{"@type":"WebSite","@id":"https:\/\/visadmin.hu\/#website","url":"https:\/\/visadmin.hu\/","name":"VISAdmin","description":"","publisher":{"@id":"https:\/\/visadmin.hu\/#organization"},"potentialAction":[{"@type":"SearchAction","target":{"@type":"EntryPoint","urlTemplate":"https:\/\/visadmin.hu\/?s={search_term_string}"},"query-input":"required name=search_term_string"}],"inLanguage":"hu"},{"@type":"Organization","@id":"https:\/\/visadmin.hu\/#organization","name":"VISAdmin","url":"https:\/\/visadmin.hu\/","logo":{"@type":"ImageObject","inLanguage":"hu","@id":"https:\/\/visadmin.hu\/#\/schema\/logo\/image\/","url":"https:\/\/visadmin.hu\/wp-content\/uploads\/2024\/06\/Visadmin-logo-v02.png","contentUrl":"https:\/\/visadmin.hu\/wp-content\/uploads\/2024\/06\/Visadmin-logo-v02.png","width":600,"height":250,"caption":"VISAdmin"},"image":{"@id":"https:\/\/visadmin.hu\/#\/schema\/logo\/image\/"}}]}},"_links":{"self":[{"href":"https:\/\/visadmin.hu\/hu\/wp-json\/wp\/v2\/pages\/61","targetHints":{"allow":["GET"]}}],"collection":[{"href":"https:\/\/visadmin.hu\/hu\/wp-json\/wp\/v2\/pages"}],"about":[{"href":"https:\/\/visadmin.hu\/hu\/wp-json\/wp\/v2\/types\/page"}],"author":[{"embeddable":true,"href":"https:\/\/visadmin.hu\/hu\/wp-json\/wp\/v2\/users\/1"}],"replies":[{"embeddable":true,"href":"https:\/\/visadmin.hu\/hu\/wp-json\/wp\/v2\/comments?post=61"}],"version-history":[{"count":14,"href":"https:\/\/visadmin.hu\/hu\/wp-json\/wp\/v2\/pages\/61\/revisions"}],"predecessor-version":[{"id":466,"href":"https:\/\/visadmin.hu\/hu\/wp-json\/wp\/v2\/pages\/61\/revisions\/466"}],"wp:attachment":[{"href":"https:\/\/visadmin.hu\/hu\/wp-json\/wp\/v2\/media?parent=61"}],"curies":[{"name":"wp","href":"https:\/\/api.w.org\/{rel}","templated":true}]}}