{"id":96,"date":"2024-06-13T10:10:44","date_gmt":"2024-06-13T08:10:44","guid":{"rendered":"https:\/\/visadmin.hu\/?page_id=96"},"modified":"2024-06-19T13:39:13","modified_gmt":"2024-06-19T11:39:13","slug":"impresszum","status":"publish","type":"page","link":"https:\/\/visadmin.hu\/hu\/impresszum\/","title":{"rendered":"Impresszum"},"content":{"rendered":"<p>[et_pb_section fb_built=&#8221;1&#8243; fullwidth=&#8221;on&#8221; disabled_on=&#8221;off|off|off&#8221; _builder_version=&#8221;4.25.2&#8243; _module_preset=&#8221;default&#8221; background_enable_image=&#8221;off&#8221; background_video_mp4=&#8221;https:\/\/visadmin.hu\/wp-content\/uploads\/2024\/06\/budapest-elisabeth-bridge-visadmin-2.mp4&#8243; custom_margin=&#8221;-200px||||false|false&#8221; custom_padding=&#8221;200px||||false|false&#8221; global_colors_info=&#8221;{}&#8221;][et_pb_fullwidth_header title=&#8221;Impresszum&#8221; button_one_url=&#8221;http:\/\/wphonlap.eu\/ilf\/join-us\/&#8221; button_two_url=&#8221;http:\/\/wphonlap.eu\/ilf\/about-us\/&#8221; _builder_version=&#8221;4.25.1&#8243; _module_preset=&#8221;default&#8221; title_font=&#8221;|700||on|||||&#8221; title_text_align=&#8221;center&#8221; title_text_color=&#8221;#FFFFFF&#8221; title_font_size=&#8221;42px&#8221; title_letter_spacing=&#8221;1px&#8221; content_font=&#8221;|700|||||||&#8221; content_text_color=&#8221;#FFFFFF&#8221; content_font_size=&#8221;20px&#8221; subhead_font=&#8221;|700|||||||&#8221; subhead_text_align=&#8221;center&#8221; subhead_text_color=&#8221;#FFFFFF&#8221; subhead_font_size=&#8221;26px&#8221; subhead_line_height=&#8221;2.5em&#8221; background_color=&#8221;rgba(0,0,0,0.3)&#8221; background_enable_image=&#8221;off&#8221; background_enable_video_mp4=&#8221;off&#8221; custom_button_one=&#8221;on&#8221; button_one_text_size=&#8221;18px&#8221; button_one_text_color=&#8221;#f0801e&#8221; button_one_bg_color=&#8221;#FFFFFF&#8221; button_one_bg_color_gradient_direction=&#8221;90deg&#8221; button_one_bg_color_gradient_stops=&#8221;#353c44 0%|#768799 100%&#8221; button_one_bg_color_gradient_start=&#8221;#353c44&#8243; button_one_bg_color_gradient_end=&#8221;#768799&#8243; button_one_border_width=&#8221;2px&#8221; button_one_border_color=&#8221;#f0801e&#8221; button_one_border_radius=&#8221;5px&#8221; button_one_font=&#8221;|700||on|||||&#8221; custom_button_two=&#8221;on&#8221; button_two_text_size=&#8221;18px&#8221; button_two_text_color=&#8221;#FFFFFF&#8221; button_two_bg_color=&#8221;#f0801e&#8221; button_two_border_color=&#8221;#FFFFFF&#8221; button_two_border_radius=&#8221;5px&#8221; button_two_font=&#8221;|700||on|||||&#8221; custom_margin=&#8221;||||false|false&#8221; custom_padding=&#8221;150px||150px||true|false&#8221; custom_padding_tablet=&#8221;&#8221; custom_padding_phone=&#8221;110px||110px||false|false&#8221; custom_padding_last_edited=&#8221;on|desktop&#8221; animation_style=&#8221;fade&#8221; animation_delay=&#8221;400ms&#8221; box_shadow_style=&#8221;preset3&#8243; box_shadow_style_button_one=&#8221;preset1&#8243; box_shadow_style_button_two=&#8221;preset1&#8243; global_colors_info=&#8221;{}&#8221;][\/et_pb_fullwidth_header][\/et_pb_section][et_pb_section fb_built=&#8221;1&#8243; _builder_version=&#8221;4.25.1&#8243; _module_preset=&#8221;default&#8221; custom_margin=&#8221;||||false|false&#8221; custom_padding=&#8221;||||false|false&#8221; global_colors_info=&#8221;{}&#8221;][et_pb_row _builder_version=&#8221;4.18.0&#8243; _module_preset=&#8221;default&#8221; global_colors_info=&#8221;{}&#8221;][et_pb_column type=&#8221;4_4&#8243; _builder_version=&#8221;4.18.0&#8243; _module_preset=&#8221;default&#8221; global_colors_info=&#8221;{}&#8221;][et_pb_text _builder_version=&#8221;4.25.2&#8243; _module_preset=&#8221;default&#8221; text_orientation=&#8221;justified&#8221; hover_enabled=&#8221;0&#8243; global_colors_info=&#8221;{}&#8221; sticky_enabled=&#8221;0&#8243;]A szolg\u00e1ltat\u00f3 neve: VISAdmin Kft.<br \/>\nA szolg\u00e1ltat\u00f3 sz\u00e9khelye: 1012 Budapest, Logodi utca 30.<br \/>\nA szolg\u00e1ltat\u00f3 el\u00e9rhet\u0151s\u00e9ge: info@visadmin.hu<br \/>\nA szolg\u00e1ltat\u00f3t nyilv\u00e1ntart\u00e1sba vev\u0151 hat\u00f3s\u00e1g: F\u0151v\u00e1rosi T\u00f6rv\u00e9nysz\u00e9k C\u00e9gb\u00edr\u00f3s\u00e1ga<br \/>\nAd\u00f3sz\u00e1m: 32567816-2-41<br \/>\nHat\u00f3s\u00e1gi enged\u00e9ly:<br \/>\nKamara: BKIK<\/p>\n<p><strong>A t\u00e1rhelyszolg\u00e1ltat\u00f3 adatai<\/strong><br \/>\nN\u00e9v: Inclust Kft.<br \/>\nSz\u00e9khely: 1054, Budapest, Honv\u00e9d utca 8. 1\/2.<br \/>\nAd\u00f3sz\u00e1m: 14492327-2-41<br \/>\nE-mail: support@inclust.com[\/et_pb_text][\/et_pb_column][\/et_pb_row][\/et_pb_section]<\/p>\n","protected":false},"excerpt":{"rendered":"<p>A szolg\u00e1ltat\u00f3 neve: VISAdmin Kft. A szolg\u00e1ltat\u00f3 sz\u00e9khelye: 1012 Budapest, Logodi utca 30. A szolg\u00e1ltat\u00f3 el\u00e9rhet\u0151s\u00e9ge: info@visadmin.hu A szolg\u00e1ltat\u00f3t nyilv\u00e1ntart\u00e1sba vev\u0151 hat\u00f3s\u00e1g: F\u0151v\u00e1rosi T\u00f6rv\u00e9nysz\u00e9k C\u00e9gb\u00edr\u00f3s\u00e1ga Ad\u00f3sz\u00e1m: 32567816-2-41 Hat\u00f3s\u00e1gi enged\u00e9ly: Kamara: BKIK A t\u00e1rhelyszolg\u00e1ltat\u00f3 adatai N\u00e9v: Inclust Kft. Sz\u00e9khely: 1054, Budapest, Honv\u00e9d utca 8. 1\/2. Ad\u00f3sz\u00e1m: 14492327-2-41 E-mail: support@inclust.com<\/p>\n","protected":false},"author":1,"featured_media":0,"parent":0,"menu_order":0,"comment_status":"closed","ping_status":"closed","template":"","meta":{"_et_pb_use_builder":"on","_et_pb_old_content":"","_et_gb_content_width":"","footnotes":""},"class_list":["post-96","page","type-page","status-publish","hentry"],"yoast_head":"<!-- This site is optimized with the Yoast SEO plugin v22.9 - https:\/\/yoast.com\/wordpress\/plugins\/seo\/ -->\n<title>Impresszum - VISAdmin<\/title>\n<meta name=\"robots\" content=\"index, follow, max-snippet:-1, max-image-preview:large, max-video-preview:-1\" \/>\n<link rel=\"canonical\" href=\"https:\/\/visadmin.hu\/hu\/impresszum\/\" \/>\n<meta property=\"og:locale\" content=\"hu_HU\" \/>\n<meta property=\"og:type\" content=\"article\" \/>\n<meta property=\"og:title\" content=\"Impresszum - VISAdmin\" \/>\n<meta property=\"og:description\" content=\"A szolg\u00e1ltat\u00f3 neve: VISAdmin Kft. A szolg\u00e1ltat\u00f3 sz\u00e9khelye: 1012 Budapest, Logodi utca 30. A szolg\u00e1ltat\u00f3 el\u00e9rhet\u0151s\u00e9ge: info@visadmin.hu A szolg\u00e1ltat\u00f3t nyilv\u00e1ntart\u00e1sba vev\u0151 hat\u00f3s\u00e1g: F\u0151v\u00e1rosi T\u00f6rv\u00e9nysz\u00e9k C\u00e9gb\u00edr\u00f3s\u00e1ga Ad\u00f3sz\u00e1m: 32567816-2-41 Hat\u00f3s\u00e1gi enged\u00e9ly: Kamara: BKIK A t\u00e1rhelyszolg\u00e1ltat\u00f3 adatai N\u00e9v: Inclust Kft. Sz\u00e9khely: 1054, Budapest, Honv\u00e9d utca 8. 1\/2. Ad\u00f3sz\u00e1m: 14492327-2-41 E-mail: support@inclust.com\" \/>\n<meta property=\"og:url\" content=\"https:\/\/visadmin.hu\/hu\/impresszum\/\" \/>\n<meta property=\"og:site_name\" content=\"VISAdmin\" \/>\n<meta property=\"article:modified_time\" content=\"2024-06-19T11:39:13+00:00\" \/>\n<meta name=\"twitter:card\" content=\"summary_large_image\" \/>\n<meta name=\"twitter:label1\" content=\"Becs\u00fclt olvas\u00e1si id\u0151\" \/>\n\t<meta name=\"twitter:data1\" content=\"2 perc\" \/>\n<script type=\"application\/ld+json\" class=\"yoast-schema-graph\">{\"@context\":\"https:\/\/schema.org\",\"@graph\":[{\"@type\":\"WebPage\",\"@id\":\"https:\/\/visadmin.hu\/hu\/impresszum\/\",\"url\":\"https:\/\/visadmin.hu\/hu\/impresszum\/\",\"name\":\"Impresszum - VISAdmin\",\"isPartOf\":{\"@id\":\"https:\/\/visadmin.hu\/#website\"},\"datePublished\":\"2024-06-13T08:10:44+00:00\",\"dateModified\":\"2024-06-19T11:39:13+00:00\",\"breadcrumb\":{\"@id\":\"https:\/\/visadmin.hu\/hu\/impresszum\/#breadcrumb\"},\"inLanguage\":\"hu\",\"potentialAction\":[{\"@type\":\"ReadAction\",\"target\":[\"https:\/\/visadmin.hu\/hu\/impresszum\/\"]}]},{\"@type\":\"BreadcrumbList\",\"@id\":\"https:\/\/visadmin.hu\/hu\/impresszum\/#breadcrumb\",\"itemListElement\":[{\"@type\":\"ListItem\",\"position\":1,\"name\":\"Kezd\u0151lap\",\"item\":\"https:\/\/visadmin.hu\/hu\/\"},{\"@type\":\"ListItem\",\"position\":2,\"name\":\"Impresszum\"}]},{\"@type\":\"WebSite\",\"@id\":\"https:\/\/visadmin.hu\/#website\",\"url\":\"https:\/\/visadmin.hu\/\",\"name\":\"VISAdmin\",\"description\":\"\",\"publisher\":{\"@id\":\"https:\/\/visadmin.hu\/#organization\"},\"potentialAction\":[{\"@type\":\"SearchAction\",\"target\":{\"@type\":\"EntryPoint\",\"urlTemplate\":\"https:\/\/visadmin.hu\/?s={search_term_string}\"},\"query-input\":\"required name=search_term_string\"}],\"inLanguage\":\"hu\"},{\"@type\":\"Organization\",\"@id\":\"https:\/\/visadmin.hu\/#organization\",\"name\":\"VISAdmin\",\"url\":\"https:\/\/visadmin.hu\/\",\"logo\":{\"@type\":\"ImageObject\",\"inLanguage\":\"hu\",\"@id\":\"https:\/\/visadmin.hu\/#\/schema\/logo\/image\/\",\"url\":\"https:\/\/visadmin.hu\/wp-content\/uploads\/2024\/06\/Visadmin-logo-v02.png\",\"contentUrl\":\"https:\/\/visadmin.hu\/wp-content\/uploads\/2024\/06\/Visadmin-logo-v02.png\",\"width\":600,\"height\":250,\"caption\":\"VISAdmin\"},\"image\":{\"@id\":\"https:\/\/visadmin.hu\/#\/schema\/logo\/image\/\"}}]}<\/script>\n<!-- \/ Yoast SEO plugin. -->","yoast_head_json":{"title":"Impresszum - VISAdmin","robots":{"index":"index","follow":"follow","max-snippet":"max-snippet:-1","max-image-preview":"max-image-preview:large","max-video-preview":"max-video-preview:-1"},"canonical":"https:\/\/visadmin.hu\/hu\/impresszum\/","og_locale":"hu_HU","og_type":"article","og_title":"Impresszum - VISAdmin","og_description":"A szolg\u00e1ltat\u00f3 neve: VISAdmin Kft. A szolg\u00e1ltat\u00f3 sz\u00e9khelye: 1012 Budapest, Logodi utca 30. A szolg\u00e1ltat\u00f3 el\u00e9rhet\u0151s\u00e9ge: info@visadmin.hu A szolg\u00e1ltat\u00f3t nyilv\u00e1ntart\u00e1sba vev\u0151 hat\u00f3s\u00e1g: F\u0151v\u00e1rosi T\u00f6rv\u00e9nysz\u00e9k C\u00e9gb\u00edr\u00f3s\u00e1ga Ad\u00f3sz\u00e1m: 32567816-2-41 Hat\u00f3s\u00e1gi enged\u00e9ly: Kamara: BKIK A t\u00e1rhelyszolg\u00e1ltat\u00f3 adatai N\u00e9v: Inclust Kft. Sz\u00e9khely: 1054, Budapest, Honv\u00e9d utca 8. 1\/2. Ad\u00f3sz\u00e1m: 14492327-2-41 E-mail: support@inclust.com","og_url":"https:\/\/visadmin.hu\/hu\/impresszum\/","og_site_name":"VISAdmin","article_modified_time":"2024-06-19T11:39:13+00:00","twitter_card":"summary_large_image","twitter_misc":{"Becs\u00fclt olvas\u00e1si id\u0151":"2 perc"},"schema":{"@context":"https:\/\/schema.org","@graph":[{"@type":"WebPage","@id":"https:\/\/visadmin.hu\/hu\/impresszum\/","url":"https:\/\/visadmin.hu\/hu\/impresszum\/","name":"Impresszum - VISAdmin","isPartOf":{"@id":"https:\/\/visadmin.hu\/#website"},"datePublished":"2024-06-13T08:10:44+00:00","dateModified":"2024-06-19T11:39:13+00:00","breadcrumb":{"@id":"https:\/\/visadmin.hu\/hu\/impresszum\/#breadcrumb"},"inLanguage":"hu","potentialAction":[{"@type":"ReadAction","target":["https:\/\/visadmin.hu\/hu\/impresszum\/"]}]},{"@type":"BreadcrumbList","@id":"https:\/\/visadmin.hu\/hu\/impresszum\/#breadcrumb","itemListElement":[{"@type":"ListItem","position":1,"name":"Kezd\u0151lap","item":"https:\/\/visadmin.hu\/hu\/"},{"@type":"ListItem","position":2,"name":"Impresszum"}]},{"@type":"WebSite","@id":"https:\/\/visadmin.hu\/#website","url":"https:\/\/visadmin.hu\/","name":"VISAdmin","description":"","publisher":{"@id":"https:\/\/visadmin.hu\/#organization"},"potentialAction":[{"@type":"SearchAction","target":{"@type":"EntryPoint","urlTemplate":"https:\/\/visadmin.hu\/?s={search_term_string}"},"query-input":"required name=search_term_string"}],"inLanguage":"hu"},{"@type":"Organization","@id":"https:\/\/visadmin.hu\/#organization","name":"VISAdmin","url":"https:\/\/visadmin.hu\/","logo":{"@type":"ImageObject","inLanguage":"hu","@id":"https:\/\/visadmin.hu\/#\/schema\/logo\/image\/","url":"https:\/\/visadmin.hu\/wp-content\/uploads\/2024\/06\/Visadmin-logo-v02.png","contentUrl":"https:\/\/visadmin.hu\/wp-content\/uploads\/2024\/06\/Visadmin-logo-v02.png","width":600,"height":250,"caption":"VISAdmin"},"image":{"@id":"https:\/\/visadmin.hu\/#\/schema\/logo\/image\/"}}]}},"_links":{"self":[{"href":"https:\/\/visadmin.hu\/hu\/wp-json\/wp\/v2\/pages\/96","targetHints":{"allow":["GET"]}}],"collection":[{"href":"https:\/\/visadmin.hu\/hu\/wp-json\/wp\/v2\/pages"}],"about":[{"href":"https:\/\/visadmin.hu\/hu\/wp-json\/wp\/v2\/types\/page"}],"author":[{"embeddable":true,"href":"https:\/\/visadmin.hu\/hu\/wp-json\/wp\/v2\/users\/1"}],"replies":[{"embeddable":true,"href":"https:\/\/visadmin.hu\/hu\/wp-json\/wp\/v2\/comments?post=96"}],"version-history":[{"count":8,"href":"https:\/\/visadmin.hu\/hu\/wp-json\/wp\/v2\/pages\/96\/revisions"}],"predecessor-version":[{"id":285,"href":"https:\/\/visadmin.hu\/hu\/wp-json\/wp\/v2\/pages\/96\/revisions\/285"}],"wp:attachment":[{"href":"https:\/\/visadmin.hu\/hu\/wp-json\/wp\/v2\/media?parent=96"}],"curies":[{"name":"wp","href":"https:\/\/api.w.org\/{rel}","templated":true}]}}