{"id":170,"date":"2024-06-12T10:22:58","date_gmt":"2024-06-12T08:22:58","guid":{"rendered":"https:\/\/visadmin.hu\/fooldal\/"},"modified":"2025-06-03T09:52:45","modified_gmt":"2025-06-03T07:52:45","slug":"fooldal","status":"publish","type":"page","link":"https:\/\/visadmin.hu\/zh-hant\/","title":{"rendered":"\u9996\u9875"},"content":{"rendered":"<p>[et_pb_section fb_built=&#8221;1&#8243; fullwidth=&#8221;on&#8221; disabled_on=&#8221;off|off|off&#8221; _builder_version=&#8221;4.25.2&#8243; _module_preset=&#8221;default&#8221; background_video_mp4=&#8221;https:\/\/visadmin.hu\/wp-content\/uploads\/2024\/06\/arriving-to-budapest-visadmin.mp4&#8243; global_colors_info=&#8221;{}&#8221;][et_pb_fullwidth_header title=&#8221;VISAdmin&#8221; subhead=&#8221;\u5308\u7259\u5229 &#8212; \u52a9\u60a8\u901a\u5f80\u957f\u671f\u6210\u529f\u4e4b\u8def\u3002&#8221; button_one_text=&#8221;\u670d\u52a1\u5185\u5bb9&#8221; button_one_url=&#8221;https:\/\/visadmin.hu\/zh-hant\/services\/&#8221; button_two_text=&#8221;\u8054\u7cfb\u65b9\u5f0f&#8221; button_two_url=&#8221;https:\/\/visadmin.hu\/zh-hant\/contact\/&#8221; _builder_version=&#8221;4.25.2&#8243; _module_preset=&#8221;default&#8221; title_font=&#8221;|700||on|||||&#8221; title_text_color=&#8221;#fcc00a&#8221; title_font_size=&#8221;42px&#8221; title_letter_spacing=&#8221;1px&#8221; content_font=&#8221;|700|||||||&#8221; content_text_color=&#8221;#FFFFFF&#8221; content_font_size=&#8221;20px&#8221; content_line_height=&#8221;1.5em&#8221; subhead_font=&#8221;|700|||||||&#8221; subhead_text_color=&#8221;#FFFFFF&#8221; subhead_font_size=&#8221;26px&#8221; subhead_line_height=&#8221;1.7em&#8221; background_enable_color=&#8221;off&#8221; background_enable_image=&#8221;off&#8221; background_size=&#8221;initial&#8221; background_position=&#8221;top_right&#8221; background_enable_video_mp4=&#8221;off&#8221; custom_button_one=&#8221;on&#8221; button_one_text_size=&#8221;18px&#8221; button_one_text_color=&#8221;#000000&#8243; button_one_bg_color=&#8221;#fcc00a&#8221; button_one_bg_color_gradient_direction=&#8221;90deg&#8221; button_one_bg_color_gradient_start=&#8221;#353c44&#8243; button_one_bg_color_gradient_end=&#8221;#768799&#8243; button_one_border_width=&#8221;2px&#8221; button_one_border_color=&#8221;#fcc00a&#8221; button_one_border_radius=&#8221;5px&#8221; button_one_font=&#8221;Montserrat|700||on|||||&#8221; button_one_icon=&#8221;&#x24;||divi||400&#8243; custom_button_two=&#8221;on&#8221; button_two_text_size=&#8221;18px&#8221; button_two_text_color=&#8221;#FFFFFF&#8221; button_two_bg_color=&#8221;#e52421&#8243; button_two_border_color=&#8221;#e52421&#8243; button_two_border_radius=&#8221;5px&#8221; button_two_font=&#8221;Montserrat|700||on|||||&#8221; button_two_icon=&#8221;&#x24;||divi||400&#8243; custom_padding=&#8221;141px||200px||false|false&#8221; custom_padding_tablet=&#8221;&#8221; custom_padding_phone=&#8221;110px||110px||false|false&#8221; custom_padding_last_edited=&#8221;on|phone&#8221; animation_style=&#8221;fade&#8221; animation_delay=&#8221;400ms&#8221; hover_enabled=&#8221;0&#8243; box_shadow_style=&#8221;preset3&#8243; box_shadow_style_button_one=&#8221;preset1&#8243; box_shadow_style_button_two=&#8221;preset1&#8243; global_colors_info=&#8221;{}&#8221; button_one_bg_color__hover_enabled=&#8221;on|hover&#8221; button_one_bg_color__hover=&#8221;#e52421&#8243; button_one_bg_enable_color__hover=&#8221;on&#8221; button_one_text_color__hover_enabled=&#8221;on|hover&#8221; button_one_text_color__hover=&#8221;#FFFFFF&#8221; button_two_text_color__hover_enabled=&#8221;on|hover&#8221; button_two_text_color__hover=&#8221;#000000&#8243; button_two_bg_color__hover_enabled=&#8221;on|hover&#8221; button_two_bg_color__hover=&#8221;#fcc00a&#8221; button_two_bg_enable_color__hover=&#8221;on&#8221; button_two_border_color__hover_enabled=&#8221;on|hover&#8221; button_two_border_color__hover=&#8221;#fcc00a&#8221; button_one_border_color__hover_enabled=&#8221;on|hover&#8221; button_one_icon_color__hover_enabled=&#8221;off|desktop&#8221; button_one_border_color__hover=&#8221;#e52421&#8243; sticky_enabled=&#8221;0&#8243;][\/et_pb_fullwidth_header][\/et_pb_section][et_pb_section fb_built=&#8221;1&#8243; module_id=&#8221;szolgaltatasaink&#8221; _builder_version=&#8221;4.18.0&#8243; _module_preset=&#8221;default&#8221; background_enable_color=&#8221;off&#8221; global_colors_info=&#8221;{}&#8221;][et_pb_row _builder_version=&#8221;4.18.0&#8243; _module_preset=&#8221;default&#8221; global_colors_info=&#8221;{}&#8221;][et_pb_column type=&#8221;4_4&#8243; _builder_version=&#8221;4.18.0&#8243; _module_preset=&#8221;default&#8221; global_colors_info=&#8221;{}&#8221;][et_pb_text _builder_version=&#8221;4.25.2&#8243; _module_preset=&#8221;default&#8221; text_font=&#8221;Montserrat|700||on|||||&#8221; text_text_color=&#8221;#000000&#8243; text_font_size=&#8221;34px&#8221; text_orientation=&#8221;center&#8221; custom_margin=&#8221;||||false|false&#8221; text_font_size_tablet=&#8221;24px&#8221; text_font_size_phone=&#8221;20px&#8221; text_font_size_last_edited=&#8221;on|phone&#8221; text_orientation_tablet=&#8221;center&#8221; text_orientation_phone=&#8221;&#8221; text_orientation_last_edited=&#8221;on|desktop&#8221; global_colors_info=&#8221;{}&#8221;]<\/p>\n<p>\u7b80\u4ecb<\/p>\n<p>[\/et_pb_text][et_pb_divider color=&#8221;#e52421&#8243; divider_weight=&#8221;5px&#8221; _builder_version=&#8221;4.25.1&#8243; _module_preset=&#8221;default&#8221; max_width=&#8221;50px&#8221; module_alignment=&#8221;center&#8221; global_colors_info=&#8221;{}&#8221;][\/et_pb_divider][et_pb_text _builder_version=&#8221;4.25.2&#8243; _module_preset=&#8221;default&#8221; text_font_size=&#8221;22px&#8221; text_orientation=&#8221;center&#8221; custom_padding=&#8221;2%|2%|2%|2%|false|false&#8221; global_colors_info=&#8221;{}&#8221;]2024 \u5e74 1 \u6708 1 \u65e5\uff0c\u5308\u7259\u5229\u5f00\u59cb\u5b9e\u65bd\u65b0\u79fb\u6c11\u6cd5\uff0c\u5bf9\u7b2c\u4e09\u56fd\u56fd\u6c11\u7684\u957f\u671f\u5c45\u7559\u6743\u548c\u57fa\u4e8e\u6295\u8d44\u7684\u989d\u5916\u6743\u5229\u8fdb\u884c\u4e86\u660e\u786e\u7684\u89c4\u5b9a\u3002<\/p>\n<p>VISAdmin \u6709\u9650\u516c\u53f8\u5c06\u81f4\u529b\u4e8e\u4e3a\u76f8\u5173\u5ba2\u6237\u63d0\u4f9b\u5168\u65b9\u4f4d\u7684\u670d\u52a1\uff0c\u5305\u62ec\u4e2a\u6027\u5316\u54a8\u8be2\u3001\u6cd5\u5f8b\u548c\u6295\u8d44\u5efa\u8bae\u3002<\/p>\n<p>\u6211\u53f8\u7279\u522b\u6ce8\u91cd\u5728\u63d0\u4f9b\u51c6\u786e\u548c\u6b63\u786e\u7684\u4fe1\u606f\u7684\u524d\u63d0\u4e0b\uff0c\u786e\u4fdd\u4fe1\u606f\u7684\u5feb\u901f\u6d41\u901a\u3002[\/et_pb_text][et_pb_button button_url=&#8221;https:\/\/visadmin.hu\/zh-hant\/about-us\/&#8221; button_text=&#8221;\u8be6\u60c5\u8bf7\u89c1&#8221; button_alignment=&#8221;center&#8221; _builder_version=&#8221;4.25.2&#8243; _module_preset=&#8221;default&#8221; custom_button=&#8221;on&#8221; button_text_size=&#8221;18px&#8221; button_text_color=&#8221;#FFFFFF&#8221; button_bg_color=&#8221;#f0801e&#8221; button_bg_use_color_gradient=&#8221;on&#8221; button_bg_color_gradient_direction=&#8221;-135deg&#8221; button_bg_color_gradient_stops=&#8221;#fcc00a 0%|#e52421 100%&#8221; button_border_width=&#8221;0px&#8221; button_border_color=&#8221;RGBA(0,0,0,0)&#8221; button_border_radius=&#8221;0px&#8221; button_letter_spacing=&#8221;0px&#8221; button_font=&#8221;Montserrat|600||on|||||&#8221; hover_enabled=&#8221;0&#8243; box_shadow_style=&#8221;preset1&#8243; global_colors_info=&#8221;{}&#8221; sticky_enabled=&#8221;0&#8243;][\/et_pb_button][\/et_pb_column][\/et_pb_row][\/et_pb_section][et_pb_section fb_built=&#8221;1&#8243; _builder_version=&#8221;4.25.1&#8243; _module_preset=&#8221;default&#8221; background_color=&#8221;#e52421&#8243; custom_margin=&#8221;0px||0px||false|false&#8221; custom_padding=&#8221;0px||0px||false|false&#8221; global_colors_info=&#8221;{}&#8221;][et_pb_row column_structure=&#8221;1_2,1_2&#8243; make_equal=&#8221;on&#8221; _builder_version=&#8221;4.25.1&#8243; _module_preset=&#8221;default&#8221; width=&#8221;100%&#8221; max_width=&#8221;2560px&#8221; custom_margin=&#8221;0px||0px||false|false&#8221; custom_padding=&#8221;0px||0px||false|false&#8221; global_colors_info=&#8221;{}&#8221;][et_pb_column type=&#8221;1_2&#8243; module_class=&#8221;vertical-align&#8221; _builder_version=&#8221;4.25.1&#8243; _module_preset=&#8221;default&#8221; custom_padding=&#8221;4%|5%|4%|10%|false|false&#8221; animation_style=&#8221;slide&#8221; animation_direction=&#8221;left&#8221; global_colors_info=&#8221;{}&#8221;][et_pb_text _builder_version=&#8221;4.25.2&#8243; _module_preset=&#8221;default&#8221; text_font=&#8221;Montserrat|600|||||||&#8221; text_text_color=&#8221;#FFFFFF&#8221; text_font_size=&#8221;45px&#8221; text_line_height=&#8221;1.4em&#8221; custom_margin=&#8221;||||false|false&#8221; text_font_size_tablet=&#8221;24px&#8221; text_font_size_phone=&#8221;20px&#8221; text_font_size_last_edited=&#8221;on|phone&#8221; text_orientation_tablet=&#8221;center&#8221; text_orientation_phone=&#8221;&#8221; text_orientation_last_edited=&#8221;on|desktop&#8221; global_colors_info=&#8221;{}&#8221;]\u5982\u6709\u9700\u8981\u8bf7\u8054\u7cfb\u6211\u4eec\uff01[\/et_pb_text][et_pb_button button_url=&#8221;https:\/\/visadmin.hu\/zh-hant\/contact\/&#8221; button_text=&#8221;\u8054\u7cfb\u65b9\u5f0f&#8221; button_alignment=&#8221;left&#8221; button_alignment_tablet=&#8221;center&#8221; button_alignment_phone=&#8221;center&#8221; button_alignment_last_edited=&#8221;on|tablet&#8221; _builder_version=&#8221;4.25.2&#8243; _module_preset=&#8221;default&#8221; custom_button=&#8221;on&#8221; button_text_size=&#8221;18px&#8221; button_text_color=&#8221;#FFFFFF&#8221; button_bg_color=&#8221;#fcc00a&#8221; button_border_color=&#8221;#fcc00a&#8221; button_border_radius=&#8221;0px&#8221; button_letter_spacing=&#8221;0px&#8221; button_font=&#8221;Montserrat|600||on|||||&#8221; button_icon=&#8221;&#x24;||divi||400&#8243; hover_enabled=&#8221;0&#8243; box_shadow_style=&#8221;preset1&#8243; global_colors_info=&#8221;{}&#8221; sticky_enabled=&#8221;0&#8243;][\/et_pb_button][\/et_pb_column][et_pb_column type=&#8221;1_2&#8243; module_class=&#8221;vertical-align&#8221; _builder_version=&#8221;4.25.1&#8243; _module_preset=&#8221;default&#8221; background_enable_image=&#8221;off&#8221; global_colors_info=&#8221;{}&#8221;][et_pb_image src=&#8221;https:\/\/visadmin.hu\/wp-content\/uploads\/2024\/06\/golden-visa-hungary.jpg&#8221; title_text=&#8221;Young woman smiling and giving contract to tourists.&#8221; _builder_version=&#8221;4.25.1&#8243; _module_preset=&#8221;default&#8221; global_colors_info=&#8221;{}&#8221;][\/et_pb_image][\/et_pb_column][\/et_pb_row][\/et_pb_section][et_pb_section fb_built=&#8221;1&#8243; module_id=&#8221;szolgaltatasaink&#8221; _builder_version=&#8221;4.18.0&#8243; _module_preset=&#8221;default&#8221; background_enable_color=&#8221;off&#8221; global_colors_info=&#8221;{}&#8221;][et_pb_row _builder_version=&#8221;4.18.0&#8243; _module_preset=&#8221;default&#8221; global_colors_info=&#8221;{}&#8221;][et_pb_column type=&#8221;4_4&#8243; _builder_version=&#8221;4.18.0&#8243; _module_preset=&#8221;default&#8221; global_colors_info=&#8221;{}&#8221;][et_pb_text _builder_version=&#8221;4.25.2&#8243; _module_preset=&#8221;default&#8221; text_font=&#8221;Montserrat|600|||||||&#8221; text_text_color=&#8221;#000000&#8243; text_font_size=&#8221;34px&#8221; text_orientation=&#8221;center&#8221; custom_margin=&#8221;||||false|false&#8221; text_font_size_tablet=&#8221;24px&#8221; text_font_size_phone=&#8221;20px&#8221; text_font_size_last_edited=&#8221;on|phone&#8221; text_orientation_tablet=&#8221;center&#8221; text_orientation_phone=&#8221;&#8221; text_orientation_last_edited=&#8221;on|desktop&#8221; global_colors_info=&#8221;{}&#8221;]<\/p>\n<p>\u670d\u52a1\u5185\u5bb9<\/p>\n<p>[\/et_pb_text][et_pb_divider color=&#8221;#e52421&#8243; divider_weight=&#8221;5px&#8221; _builder_version=&#8221;4.25.1&#8243; _module_preset=&#8221;default&#8221; max_width=&#8221;50px&#8221; module_alignment=&#8221;center&#8221; global_colors_info=&#8221;{}&#8221;][\/et_pb_divider][et_pb_text _builder_version=&#8221;4.25.2&#8243; _module_preset=&#8221;default&#8221; text_font_size=&#8221;22px&#8221; custom_padding=&#8221;2%|2%|2%|2%|false|false&#8221; global_colors_info=&#8221;{}&#8221;]<\/p>\n<p>\u65b0\u6cd5\u5f8b\u89c4\u5b9a\uff0c\u7b2c\u4e09\u56fd\u56fd\u6c11\u5728\u83b7\u5f97\u6709\u6548\u671f\u4e3a 10 \u5e74\u5e76\u53ef\u7eed\u671f 10 \u5e74\u7684\u5c45\u7559\u8bb8\u53ef\u65f6\uff0c\u5fc5\u987b\u8bc1\u660e\u6709\u4e09\u79cd\u7c7b\u578b\u7684\u6295\u8d44\uff0c\u5176\u751f\u6548\u65e5\u671f\u5404\u4e0d\u76f8\u540c\u3002<\/p>\n<p>[\/et_pb_text][\/et_pb_column][\/et_pb_row][et_pb_row column_structure=&#8221;1_2,1_2&#8243; make_equal=&#8221;on&#8221; _builder_version=&#8221;4.25.1&#8243; _module_preset=&#8221;default&#8221; custom_margin=&#8221;||||false|false&#8221; animation_style=&#8221;fade&#8221; global_colors_info=&#8221;{}&#8221;][et_pb_column type=&#8221;1_2&#8243; _builder_version=&#8221;4.25.1&#8243; _module_preset=&#8221;default&#8221; background_color=&#8221;#FFFFFF&#8221; custom_padding=&#8221;||2%||false|false&#8221; border_color_right=&#8221;#919191&#8243; border_width_bottom=&#8221;5px&#8221; border_color_bottom=&#8221;#fcc00a&#8221; box_shadow_style=&#8221;preset1&#8243; global_colors_info=&#8221;{}&#8221;][et_pb_image src=&#8221;https:\/\/visadmin.hu\/wp-content\/uploads\/2024\/06\/euro-befektetes.jpg&#8221; alt=&#8221;sittsz\u00e1ll\u00edt\u00e1s&#8221; title_text=&#8221;3D illustration Mockup photo frame in lounge room rendering&#8221; show_bottom_space=&#8221;off&#8221; _builder_version=&#8221;4.25.1&#8243; _module_preset=&#8221;default&#8221; module_alignment=&#8221;left&#8221; custom_margin=&#8221;||20px||false|false&#8221; custom_padding=&#8221;||||false|false&#8221; global_colors_info=&#8221;{}&#8221;][\/et_pb_image][et_pb_text _builder_version=&#8221;4.25.2&#8243; _module_preset=&#8221;default&#8221; text_font=&#8221;Montserrat|700|||||||&#8221; text_text_color=&#8221;#e52421&#8243; text_font_size=&#8221;22px&#8221; text_line_height=&#8221;1.4em&#8221; header_3_font=&#8221;|700||on|||||&#8221; header_3_text_color=&#8221;#f0801e&#8221; header_3_font_size=&#8221;20px&#8221; text_orientation=&#8221;center&#8221; custom_margin=&#8221;||10px||false|false&#8221; custom_padding=&#8221;2%|4%|2%|4%|false|true&#8221; global_colors_info=&#8221;{}&#8221;]<\/p>\n<p>\u81ea 2024 \u5e74 7 \u6708 1 \u65e5\u8d77\u751f\u6548\u7684\u6295\u8d44\u5f62\u5f0f<\/p>\n<p>[\/et_pb_text][et_pb_text _builder_version=&#8221;4.25.2&#8243; _module_preset=&#8221;default&#8221; text_font_size=&#8221;22px&#8221; custom_padding=&#8221;2%|4%|2%|4%|false|true&#8221; global_colors_info=&#8221;{}&#8221;]<\/p>\n<p><i class=\"fa-solid fa-arrow-right\"><\/i> \u4ece\u7b26\u5408\u6cd5\u5f8b\u89c4\u5b9a\u6761\u4ef6\u7684\u623f\u5730\u4ea7\u57fa\u91d1\u8d2d\u4e70 25\u4e07 \u6b27\u5143\u7684\u57fa\u91d1\u6295\u8d44\u5355\u4f4d<br \/><i class=\"fa-solid fa-arrow-right\"><\/i> \u5411\u5177\u6709\u6cd5\u5b9a\u516c\u5171\u670d\u52a1\u4f7f\u547d\u7684\u57fa\u91d1\u4f1a\u6350\u8d60 100 \u4e07\u6b27\u5143<\/p>\n<p>[\/et_pb_text][\/et_pb_column][et_pb_column type=&#8221;1_2&#8243; _builder_version=&#8221;4.18.0&#8243; _module_preset=&#8221;default&#8221; background_color=&#8221;#FFFFFF&#8221; custom_padding=&#8221;||2%||false|false&#8221; border_color_right=&#8221;#919191&#8243; border_width_bottom=&#8221;5px&#8221; border_color_bottom=&#8221;#fcc00a&#8221; box_shadow_style=&#8221;preset1&#8243; global_colors_info=&#8221;{}&#8221;][et_pb_image src=&#8221;https:\/\/visadmin.hu\/wp-content\/uploads\/2024\/07\/lakoingatlan-2.jpg&#8221; alt=&#8221;vegyes kont\u00e9ner rendel\u00e9s Budapest&#8221; title_text=&#8221;An attractive large dining room with a black table&#8221; show_bottom_space=&#8221;off&#8221; _builder_version=&#8221;4.25.2&#8243; _module_preset=&#8221;default&#8221; module_alignment=&#8221;left&#8221; custom_margin=&#8221;||20px||false|false&#8221; custom_padding=&#8221;||||false|false&#8221; global_colors_info=&#8221;{}&#8221;][\/et_pb_image][et_pb_text _builder_version=&#8221;4.25.2&#8243; _module_preset=&#8221;default&#8221; text_font=&#8221;Montserrat|700|||||||&#8221; text_text_color=&#8221;#e52421&#8243; text_font_size=&#8221;22px&#8221; text_line_height=&#8221;1.4em&#8221; header_3_font=&#8221;|700||on|||||&#8221; header_3_text_color=&#8221;#f0801e&#8221; header_3_font_size=&#8221;20px&#8221; header_3_line_height=&#8221;1.4em&#8221; text_orientation=&#8221;center&#8221; custom_margin=&#8221;||10px||false|false&#8221; custom_padding=&#8221;2%|2%|2%|2%|false|false&#8221; global_colors_info=&#8221;{}&#8221;]\u81ea 2025 \u5e74 1 \u6708 1 \u65e5\u8d77\u7684\u6295\u8d44\u5f62\u5f0f[\/et_pb_text][et_pb_text _builder_version=&#8221;4.25.2&#8243; _module_preset=&#8221;default&#8221; text_font_size=&#8221;22px&#8221; custom_padding=&#8221;2%|4%|2%|4%|false|true&#8221; global_colors_info=&#8221;{}&#8221;]<\/p>\n<p><i class=\"fa-solid fa-arrow-right\"><\/i> \u5728\u5308\u7259\u5229\u8d2d\u7f6e\u81f3\u5c1150\u4e07\u6b27\u5143\u7684\u6cd5\u5f8b\u89c4\u5b9a\u7684\u4f4f\u5b85\u623f\u4ea7\u6240\u6709\u6743<\/p>\n<p>[\/et_pb_text][\/et_pb_column][\/et_pb_row][et_pb_row _builder_version=&#8221;4.18.0&#8243; _module_preset=&#8221;default&#8221; global_colors_info=&#8221;{}&#8221;][et_pb_column type=&#8221;4_4&#8243; _builder_version=&#8221;4.18.0&#8243; _module_preset=&#8221;default&#8221; global_colors_info=&#8221;{}&#8221;][et_pb_button button_url=&#8221;https:\/\/visadmin.hu\/zh-hant\/services\/&#8221; button_text=&#8221;\u8be6\u60c5\u8bf7\u89c1&#8221; button_alignment=&#8221;center&#8221; _builder_version=&#8221;4.25.2&#8243; _module_preset=&#8221;default&#8221; custom_button=&#8221;on&#8221; button_text_size=&#8221;18px&#8221; button_text_color=&#8221;#FFFFFF&#8221; button_bg_color=&#8221;#f0801e&#8221; button_bg_use_color_gradient=&#8221;on&#8221; button_bg_color_gradient_direction=&#8221;-135deg&#8221; button_bg_color_gradient_stops=&#8221;#fcc00a 0%|#e52421 100%&#8221; button_border_width=&#8221;0px&#8221; button_border_color=&#8221;RGBA(0,0,0,0)&#8221; button_border_radius=&#8221;0px&#8221; button_letter_spacing=&#8221;0px&#8221; button_font=&#8221;Montserrat|600||on|||||&#8221; hover_enabled=&#8221;0&#8243; box_shadow_style=&#8221;preset1&#8243; global_colors_info=&#8221;{}&#8221; sticky_enabled=&#8221;0&#8243;][\/et_pb_button][\/et_pb_column][\/et_pb_row][\/et_pb_section]<\/p>\n","protected":false},"excerpt":{"rendered":"<p>\u7b80\u4ecb2024 \u5e74 1 \u6708 1 \u65e5\uff0c\u5308\u7259\u5229\u5f00\u59cb\u5b9e\u65bd\u65b0\u79fb\u6c11\u6cd5\uff0c\u5bf9\u7b2c\u4e09\u56fd\u56fd\u6c11\u7684\u957f\u671f\u5c45\u7559\u6743\u548c\u57fa\u4e8e\u6295\u8d44\u7684\u989d\u5916\u6743\u5229\u8fdb\u884c\u4e86\u660e [&hellip;]<\/p>\n","protected":false},"author":1,"featured_media":0,"parent":0,"menu_order":0,"comment_status":"closed","ping_status":"closed","template":"","meta":{"_et_pb_use_builder":"on","_et_pb_old_content":"","_et_gb_content_width":"","footnotes":""},"class_list":["post-170","page","type-page","status-publish","hentry"],"yoast_head":"<!-- This site is optimized with the Yoast SEO plugin v22.9 - https:\/\/yoast.com\/wordpress\/plugins\/seo\/ -->\n<title>\u9996\u9875 - VISAdmin<\/title>\n<meta name=\"robots\" content=\"index, follow, max-snippet:-1, max-image-preview:large, max-video-preview:-1\" \/>\n<link rel=\"canonical\" href=\"https:\/\/visadmin.hu\/zh-hant\/\" \/>\n<meta property=\"og:locale\" content=\"zh_TW\" \/>\n<meta property=\"og:type\" content=\"article\" \/>\n<meta property=\"og:title\" content=\"\u9996\u9875 - VISAdmin\" \/>\n<meta property=\"og:description\" content=\"\u7b80\u4ecb2024 \u5e74 1 \u6708 1 \u65e5\uff0c\u5308\u7259\u5229\u5f00\u59cb\u5b9e\u65bd\u65b0\u79fb\u6c11\u6cd5\uff0c\u5bf9\u7b2c\u4e09\u56fd\u56fd\u6c11\u7684\u957f\u671f\u5c45\u7559\u6743\u548c\u57fa\u4e8e\u6295\u8d44\u7684\u989d\u5916\u6743\u5229\u8fdb\u884c\u4e86\u660e [&hellip;]\" \/>\n<meta property=\"og:url\" content=\"https:\/\/visadmin.hu\/zh-hant\/\" \/>\n<meta property=\"og:site_name\" content=\"VISAdmin\" \/>\n<meta property=\"article:modified_time\" content=\"2025-06-03T07:52:45+00:00\" \/>\n<meta name=\"twitter:card\" content=\"summary_large_image\" \/>\n<meta name=\"twitter:label1\" content=\"\u9810\u4f30\u95b1\u8b80\u6642\u9593\" \/>\n\t<meta name=\"twitter:data1\" content=\"1 \u5206\u9418\" \/>\n<script type=\"application\/ld+json\" class=\"yoast-schema-graph\">{\"@context\":\"https:\/\/schema.org\",\"@graph\":[{\"@type\":\"WebPage\",\"@id\":\"https:\/\/visadmin.hu\/zh-hant\/\",\"url\":\"https:\/\/visadmin.hu\/zh-hant\/\",\"name\":\"\u9996\u9875 - VISAdmin\",\"isPartOf\":{\"@id\":\"https:\/\/visadmin.hu\/#website\"},\"datePublished\":\"2024-06-12T08:22:58+00:00\",\"dateModified\":\"2025-06-03T07:52:45+00:00\",\"breadcrumb\":{\"@id\":\"https:\/\/visadmin.hu\/zh-hant\/#breadcrumb\"},\"inLanguage\":\"zh-TW\",\"potentialAction\":[{\"@type\":\"ReadAction\",\"target\":[\"https:\/\/visadmin.hu\/zh-hant\/\"]}]},{\"@type\":\"BreadcrumbList\",\"@id\":\"https:\/\/visadmin.hu\/zh-hant\/#breadcrumb\",\"itemListElement\":[{\"@type\":\"ListItem\",\"position\":1,\"name\":\"Kezd\u0151lap\",\"item\":\"https:\/\/visadmin.hu\/zh-hant\/\"},{\"@type\":\"ListItem\",\"position\":2,\"name\":\"\u9996\u9875\"}]},{\"@type\":\"WebSite\",\"@id\":\"https:\/\/visadmin.hu\/#website\",\"url\":\"https:\/\/visadmin.hu\/\",\"name\":\"VISAdmin\",\"description\":\"\",\"publisher\":{\"@id\":\"https:\/\/visadmin.hu\/#organization\"},\"potentialAction\":[{\"@type\":\"SearchAction\",\"target\":{\"@type\":\"EntryPoint\",\"urlTemplate\":\"https:\/\/visadmin.hu\/?s={search_term_string}\"},\"query-input\":\"required name=search_term_string\"}],\"inLanguage\":\"zh-TW\"},{\"@type\":\"Organization\",\"@id\":\"https:\/\/visadmin.hu\/#organization\",\"name\":\"VISAdmin\",\"url\":\"https:\/\/visadmin.hu\/\",\"logo\":{\"@type\":\"ImageObject\",\"inLanguage\":\"zh-TW\",\"@id\":\"https:\/\/visadmin.hu\/#\/schema\/logo\/image\/\",\"url\":\"https:\/\/visadmin.hu\/wp-content\/uploads\/2024\/06\/Visadmin-logo-v02.png\",\"contentUrl\":\"https:\/\/visadmin.hu\/wp-content\/uploads\/2024\/06\/Visadmin-logo-v02.png\",\"width\":600,\"height\":250,\"caption\":\"VISAdmin\"},\"image\":{\"@id\":\"https:\/\/visadmin.hu\/#\/schema\/logo\/image\/\"}}]}<\/script>\n<!-- \/ Yoast SEO plugin. -->","yoast_head_json":{"title":"\u9996\u9875 - VISAdmin","robots":{"index":"index","follow":"follow","max-snippet":"max-snippet:-1","max-image-preview":"max-image-preview:large","max-video-preview":"max-video-preview:-1"},"canonical":"https:\/\/visadmin.hu\/zh-hant\/","og_locale":"zh_TW","og_type":"article","og_title":"\u9996\u9875 - VISAdmin","og_description":"\u7b80\u4ecb2024 \u5e74 1 \u6708 1 \u65e5\uff0c\u5308\u7259\u5229\u5f00\u59cb\u5b9e\u65bd\u65b0\u79fb\u6c11\u6cd5\uff0c\u5bf9\u7b2c\u4e09\u56fd\u56fd\u6c11\u7684\u957f\u671f\u5c45\u7559\u6743\u548c\u57fa\u4e8e\u6295\u8d44\u7684\u989d\u5916\u6743\u5229\u8fdb\u884c\u4e86\u660e [&hellip;]","og_url":"https:\/\/visadmin.hu\/zh-hant\/","og_site_name":"VISAdmin","article_modified_time":"2025-06-03T07:52:45+00:00","twitter_card":"summary_large_image","twitter_misc":{"\u9810\u4f30\u95b1\u8b80\u6642\u9593":"1 \u5206\u9418"},"schema":{"@context":"https:\/\/schema.org","@graph":[{"@type":"WebPage","@id":"https:\/\/visadmin.hu\/zh-hant\/","url":"https:\/\/visadmin.hu\/zh-hant\/","name":"\u9996\u9875 - VISAdmin","isPartOf":{"@id":"https:\/\/visadmin.hu\/#website"},"datePublished":"2024-06-12T08:22:58+00:00","dateModified":"2025-06-03T07:52:45+00:00","breadcrumb":{"@id":"https:\/\/visadmin.hu\/zh-hant\/#breadcrumb"},"inLanguage":"zh-TW","potentialAction":[{"@type":"ReadAction","target":["https:\/\/visadmin.hu\/zh-hant\/"]}]},{"@type":"BreadcrumbList","@id":"https:\/\/visadmin.hu\/zh-hant\/#breadcrumb","itemListElement":[{"@type":"ListItem","position":1,"name":"Kezd\u0151lap","item":"https:\/\/visadmin.hu\/zh-hant\/"},{"@type":"ListItem","position":2,"name":"\u9996\u9875"}]},{"@type":"WebSite","@id":"https:\/\/visadmin.hu\/#website","url":"https:\/\/visadmin.hu\/","name":"VISAdmin","description":"","publisher":{"@id":"https:\/\/visadmin.hu\/#organization"},"potentialAction":[{"@type":"SearchAction","target":{"@type":"EntryPoint","urlTemplate":"https:\/\/visadmin.hu\/?s={search_term_string}"},"query-input":"required name=search_term_string"}],"inLanguage":"zh-TW"},{"@type":"Organization","@id":"https:\/\/visadmin.hu\/#organization","name":"VISAdmin","url":"https:\/\/visadmin.hu\/","logo":{"@type":"ImageObject","inLanguage":"zh-TW","@id":"https:\/\/visadmin.hu\/#\/schema\/logo\/image\/","url":"https:\/\/visadmin.hu\/wp-content\/uploads\/2024\/06\/Visadmin-logo-v02.png","contentUrl":"https:\/\/visadmin.hu\/wp-content\/uploads\/2024\/06\/Visadmin-logo-v02.png","width":600,"height":250,"caption":"VISAdmin"},"image":{"@id":"https:\/\/visadmin.hu\/#\/schema\/logo\/image\/"}}]}},"_links":{"self":[{"href":"https:\/\/visadmin.hu\/zh-hant\/wp-json\/wp\/v2\/pages\/170","targetHints":{"allow":["GET"]}}],"collection":[{"href":"https:\/\/visadmin.hu\/zh-hant\/wp-json\/wp\/v2\/pages"}],"about":[{"href":"https:\/\/visadmin.hu\/zh-hant\/wp-json\/wp\/v2\/types\/page"}],"author":[{"embeddable":true,"href":"https:\/\/visadmin.hu\/zh-hant\/wp-json\/wp\/v2\/users\/1"}],"replies":[{"embeddable":true,"href":"https:\/\/visadmin.hu\/zh-hant\/wp-json\/wp\/v2\/comments?post=170"}],"version-history":[{"count":15,"href":"https:\/\/visadmin.hu\/zh-hant\/wp-json\/wp\/v2\/pages\/170\/revisions"}],"predecessor-version":[{"id":459,"href":"https:\/\/visadmin.hu\/zh-hant\/wp-json\/wp\/v2\/pages\/170\/revisions\/459"}],"wp:attachment":[{"href":"https:\/\/visadmin.hu\/zh-hant\/wp-json\/wp\/v2\/media?parent=170"}],"curies":[{"name":"wp","href":"https:\/\/api.w.org\/{rel}","templated":true}]}}